{"id":256,"date":"2025-08-16T17:57:53","date_gmt":"2025-08-16T15:57:53","guid":{"rendered":"https:\/\/nereazabalazabalza.com\/?page_id=256"},"modified":"2025-08-29T09:33:12","modified_gmt":"2025-08-29T07:33:12","slug":"proyectos","status":"publish","type":"page","link":"https:\/\/nereazabalazabalza.com\/eu\/proyectos\/","title":{"rendered":"Proyectos"},"content":{"rendered":"<style>.elementor-256 .elementor-element.elementor-element-2797159{--display:flex;--flex-direction:row;--container-widget-width:calc( ( 1 - var( --container-widget-flex-grow ) ) * 100% );--container-widget-height:100%;--container-widget-flex-grow:1;--container-widget-align-self:stretch;--flex-wrap-mobile:wrap;--justify-content:center;--align-items:center;--overflow:hidden;--overlay-opacity:0.5;--margin-top:-150px;--margin-bottom:0px;--margin-left:0px;--margin-right:0px;--padding-top:245px;--padding-bottom:175px;--padding-left:0px;--padding-right:0px;}.elementor-256 .elementor-element.elementor-element-2797159:not(.elementor-motion-effects-element-type-background), .elementor-256 .elementor-element.elementor-element-2797159 > .elementor-motion-effects-container > .elementor-motion-effects-layer{background-color:var( --e-global-color-primary );background-image:url(\"https:\/\/nereazabalazabalza.com\/wp-content\/uploads\/2025\/08\/proyecto-comiruna-2.jpg\");background-position:top center;background-repeat:no-repeat;background-size:cover;}.elementor-256 .elementor-element.elementor-element-2797159::before, .elementor-256 .elementor-element.elementor-element-2797159 > .elementor-background-video-container::before, .elementor-256 .elementor-element.elementor-element-2797159 > .e-con-inner > .elementor-background-video-container::before, .elementor-256 .elementor-element.elementor-element-2797159 > .elementor-background-slideshow::before, .elementor-256 .elementor-element.elementor-element-2797159 > .e-con-inner > .elementor-background-slideshow::before, .elementor-256 .elementor-element.elementor-element-2797159 > .elementor-motion-effects-container > .elementor-motion-effects-layer::before{--background-overlay:'';background-color:var( --e-global-color-8f4944a );}.elementor-256 .elementor-element.elementor-element-2797159.e-con{--align-self:center;}.elementor-256 .elementor-element.elementor-element-ae4ccda{--display:flex;--flex-direction:row;--container-widget-width:initial;--container-widget-height:100%;--container-widget-flex-grow:1;--container-widget-align-self:stretch;--flex-wrap-mobile:wrap;--margin-top:0px;--margin-bottom:0px;--margin-left:0px;--margin-right:0px;--padding-top:0px;--padding-bottom:0px;--padding-left:0px;--padding-right:0px;}.elementor-256 .elementor-element.elementor-element-a3368a5{--display:flex;--flex-direction:column;--container-widget-width:100%;--container-widget-height:initial;--container-widget-flex-grow:0;--container-widget-align-self:initial;--flex-wrap-mobile:wrap;--margin-top:0px;--margin-bottom:0px;--margin-left:0px;--margin-right:15px;--padding-top:0px;--padding-bottom:0px;--padding-left:0px;--padding-right:0px;}.elementor-256 .elementor-element.elementor-element-5d91a0a .elementor-heading-title{font-family:var( --e-global-typography-dc3e383-font-family ), Sans-serif;font-size:var( --e-global-typography-dc3e383-font-size );font-weight:var( --e-global-typography-dc3e383-font-weight );line-height:var( --e-global-typography-dc3e383-line-height );letter-spacing:var( --e-global-typography-dc3e383-letter-spacing );word-spacing:var( --e-global-typography-dc3e383-word-spacing );color:var( --e-global-color-e4ebf09 );}.elementor-256 .elementor-element.elementor-element-5d91a0a > .elementor-widget-container{margin:0px 0px 0px 0px;}.elementor-256 .elementor-element.elementor-element-87aefaf{font-family:var( --e-global-typography-text-font-family ), Sans-serif;font-size:var( --e-global-typography-text-font-size );font-weight:var( --e-global-typography-text-font-weight );text-transform:var( --e-global-typography-text-text-transform );font-style:var( --e-global-typography-text-font-style );text-decoration:var( --e-global-typography-text-text-decoration );line-height:var( --e-global-typography-text-line-height );color:var( --e-global-color-primary );width:var( --container-widget-width, 25% );max-width:25%;--container-widget-width:25%;--container-widget-flex-grow:0;}.elementor-256 .elementor-element.elementor-element-87aefaf > .elementor-widget-container{margin:0px 0px -15px 15px;}.elementor-256 .elementor-element.elementor-element-87aefaf.elementor-element{--align-self:flex-end;}.elementor-256 .elementor-element.elementor-element-7c118ef{--display:flex;--flex-direction:row;--container-widget-width:initial;--container-widget-height:100%;--container-widget-flex-grow:1;--container-widget-align-self:stretch;--flex-wrap-mobile:wrap;--overflow:hidden;--padding-top:100px;--padding-bottom:100px;--padding-left:0px;--padding-right:0px;}.elementor-256 .elementor-element.elementor-element-7c118ef:not(.elementor-motion-effects-element-type-background), .elementor-256 .elementor-element.elementor-element-7c118ef > .elementor-motion-effects-container > .elementor-motion-effects-layer{background-color:var( --e-global-color-primary );}.elementor-256 .elementor-element.elementor-element-ed36fdb{--display:flex;--flex-direction:column;--container-widget-width:100%;--container-widget-height:initial;--container-widget-flex-grow:0;--container-widget-align-self:initial;--flex-wrap-mobile:wrap;--margin-top:0px;--margin-bottom:0px;--margin-left:0px;--margin-right:0px;--padding-top:0px;--padding-bottom:0px;--padding-left:0px;--padding-right:0px;}.elementor-256 .elementor-element.elementor-element-c13cf82{--display:flex;--margin-top:15px;--margin-bottom:0px;--margin-left:0px;--margin-right:0px;--padding-top:0px;--padding-bottom:0px;--padding-left:0px;--padding-right:0px;}.elementor-256 .elementor-element.elementor-element-d973ce3 .better-portfolio.style-2 .content .cont h4, .elementor-256 .elementor-element.elementor-element-d973ce3 .better-portfolio.style-3 .swiper-slide .caption h1 span{font-family:\"Poiret One\", Sans-serif;font-size:1.2em;font-weight:700;line-height:1.3em;}.elementor-256 .elementor-element.elementor-element-d973ce3 .better-portfolio .gallery .items span a, .elementor-256 .elementor-element.elementor-element-d973ce3 .better-portfolio .cont span a, .elementor-256 .elementor-element.elementor-element-d973ce3 .better-portfolio.style-2 .content .cont h6, .elementor-256 .elementor-element.elementor-element-d973ce3 .better-portfolio.style-3 .swiper-slide .caption .tag, .elementor-256 .elementor-element.elementor-element-d973ce3 .better-portfolio .gallery .items .item span a{font-family:var( --e-global-typography-9ff3f66-font-family ), Sans-serif;font-size:var( --e-global-typography-9ff3f66-font-size );font-weight:var( --e-global-typography-9ff3f66-font-weight );line-height:var( --e-global-typography-9ff3f66-line-height );letter-spacing:var( --e-global-typography-9ff3f66-letter-spacing );word-spacing:var( --e-global-typography-9ff3f66-word-spacing );}.elementor-256 .elementor-element.elementor-element-d973ce3 .better-portfolio.style-2 .content .cont h6 a{color:var( --e-global-color-primary );}.elementor-256 .elementor-element.elementor-element-d973ce3 .better-portfolio .gallery .items .item span a{color:var( --e-global-color-primary );}.elementor-256 .elementor-element.elementor-element-d973ce3 .better-portfolio .gallery .items span a{color:var( --e-global-color-primary );}.elementor-256 .elementor-element.elementor-element-d973ce3 .better-portfolio .cont span a{color:var( --e-global-color-primary );}.elementor-256 .elementor-element.elementor-element-d973ce3 .better-portfolio.style-2.light .swiper-pagination-progressbar .swiper-pagination-progressbar-fill{background:var( --e-global-color-accent );}.elementor-256 .elementor-element.elementor-element-d973ce3 .better-portfolio.style-2.light .swiper-nav-ctrl{color:var( --e-global-color-text );}.elementor-256 .elementor-element.elementor-element-d973ce3 .better-portfolio.style-2.light .swiper-nav-ctrl .arrow:before{background:var( --e-global-color-text );}.elementor-256 .elementor-element.elementor-element-d973ce3 .better-portfolio.style-2.light .swiper-nav-ctrl .arrow:after{background:var( --e-global-color-text );}.elementor-256 .elementor-element.elementor-element-d973ce3 .better-portfolio.style-2.light .activeslide{color:var( --e-global-color-text );}.elementor-256 .elementor-element.elementor-element-d973ce3 .better-portfolio.style-2.light .totalslide{color:var( --e-global-color-text );}:root{--page-title-display:none;}@media(max-width:1024px){.elementor-256 .elementor-element.elementor-element-2797159{--margin-top:-150px;--margin-bottom:0px;--margin-left:0px;--margin-right:0px;--padding-top:245px;--padding-bottom:175px;--padding-left:30px;--padding-right:30px;}.elementor-256 .elementor-element.elementor-element-5d91a0a .elementor-heading-title{font-size:var( --e-global-typography-dc3e383-font-size );line-height:var( --e-global-typography-dc3e383-line-height );letter-spacing:var( --e-global-typography-dc3e383-letter-spacing );word-spacing:var( --e-global-typography-dc3e383-word-spacing );}.elementor-256 .elementor-element.elementor-element-87aefaf{font-size:var( --e-global-typography-text-font-size );line-height:var( --e-global-typography-text-line-height );--container-widget-width:30%;--container-widget-flex-grow:0;width:var( --container-widget-width, 30% );max-width:30%;}.elementor-256 .elementor-element.elementor-element-7c118ef{--padding-top:100px;--padding-bottom:100px;--padding-left:30px;--padding-right:30px;}.elementor-256 .elementor-element.elementor-element-d973ce3 .better-portfolio.style-2 .content .cont h4, .elementor-256 .elementor-element.elementor-element-d973ce3 .better-portfolio.style-3 .swiper-slide .caption h1 span{font-size:1em;}.elementor-256 .elementor-element.elementor-element-d973ce3 .better-portfolio .gallery .items span a, .elementor-256 .elementor-element.elementor-element-d973ce3 .better-portfolio .cont span a, .elementor-256 .elementor-element.elementor-element-d973ce3 .better-portfolio.style-2 .content .cont h6, .elementor-256 .elementor-element.elementor-element-d973ce3 .better-portfolio.style-3 .swiper-slide .caption .tag, .elementor-256 .elementor-element.elementor-element-d973ce3 .better-portfolio .gallery .items .item span a{font-size:var( --e-global-typography-9ff3f66-font-size );line-height:var( --e-global-typography-9ff3f66-line-height );letter-spacing:var( --e-global-typography-9ff3f66-letter-spacing );word-spacing:var( --e-global-typography-9ff3f66-word-spacing );}}@media(max-width:767px){.elementor-256 .elementor-element.elementor-element-2797159{--margin-top:-150px;--margin-bottom:0px;--margin-left:0px;--margin-right:0px;--padding-top:200px;--padding-bottom:135px;--padding-left:20px;--padding-right:20px;}.elementor-256 .elementor-element.elementor-element-a3368a5{--margin-top:0px;--margin-bottom:15px;--margin-left:0px;--margin-right:0px;}.elementor-256 .elementor-element.elementor-element-5d91a0a{text-align:center;}.elementor-256 .elementor-element.elementor-element-5d91a0a .elementor-heading-title{font-size:var( --e-global-typography-dc3e383-font-size );line-height:var( --e-global-typography-dc3e383-line-height );letter-spacing:var( --e-global-typography-dc3e383-letter-spacing );word-spacing:var( --e-global-typography-dc3e383-word-spacing );}.elementor-256 .elementor-element.elementor-element-87aefaf{text-align:center;font-size:var( --e-global-typography-text-font-size );line-height:var( --e-global-typography-text-line-height );--container-widget-width:100%;--container-widget-flex-grow:0;width:var( --container-widget-width, 100% );max-width:100%;}.elementor-256 .elementor-element.elementor-element-87aefaf > .elementor-widget-container{margin:15px 0px -15px 0px;}.elementor-256 .elementor-element.elementor-element-7c118ef{--padding-top:50px;--padding-bottom:50px;--padding-left:20px;--padding-right:20px;}.elementor-256 .elementor-element.elementor-element-c13cf82{--align-items:center;--container-widget-width:calc( ( 1 - var( --container-widget-flex-grow ) ) * 100% );}.elementor-256 .elementor-element.elementor-element-d973ce3 .better-portfolio.style-2 .content .cont h4, .elementor-256 .elementor-element.elementor-element-d973ce3 .better-portfolio.style-3 .swiper-slide .caption h1 span{font-size:0.95em;}.elementor-256 .elementor-element.elementor-element-d973ce3 .better-portfolio .gallery .items span a, .elementor-256 .elementor-element.elementor-element-d973ce3 .better-portfolio .cont span a, .elementor-256 .elementor-element.elementor-element-d973ce3 .better-portfolio.style-2 .content .cont h6, .elementor-256 .elementor-element.elementor-element-d973ce3 .better-portfolio.style-3 .swiper-slide .caption .tag, .elementor-256 .elementor-element.elementor-element-d973ce3 .better-portfolio .gallery .items .item span a{font-size:var( --e-global-typography-9ff3f66-font-size );line-height:var( --e-global-typography-9ff3f66-line-height );letter-spacing:var( --e-global-typography-9ff3f66-letter-spacing );word-spacing:var( --e-global-typography-9ff3f66-word-spacing );}.elementor-256 .elementor-element.elementor-element-d973ce3 .better-portfolio .gallery .items{padding:0px 0px 0px 0px;}.elementor-256 .elementor-element.elementor-element-d973ce3 .better-portfolio.style-1 .item .info{padding:0px 0px 0px 0px;}.elementor-256 .elementor-element.elementor-element-d973ce3 > .elementor-widget-container{padding:0px 0px 0px 0px;}}@media(min-width:768px){.elementor-256 .elementor-element.elementor-element-a3368a5{--width:75%;}}@media(max-width:1024px) and (min-width:768px){.elementor-256 .elementor-element.elementor-element-a3368a5{--width:70%;}}<\/style>\t\t<div data-elementor-type=\"wp-page\" data-elementor-id=\"256\" class=\"elementor elementor-256\" data-elementor-post-type=\"page\">\n\t\t\t\t<div class=\"elementor-element elementor-element-2797159 e-flex e-con-boxed e-con e-parent\" data-id=\"2797159\" data-element_type=\"container\" data-e-type=\"container\" data-settings=\"{&quot;background_background&quot;:&quot;classic&quot;}\">\n\t\t\t\t\t<div class=\"e-con-inner\">\n\t\t<div class=\"elementor-element elementor-element-ae4ccda e-con-full e-flex e-con e-child\" data-id=\"ae4ccda\" data-element_type=\"container\" data-e-type=\"container\">\n\t\t<div class=\"elementor-element elementor-element-a3368a5 e-con-full e-flex e-con e-child\" data-id=\"a3368a5\" data-element_type=\"container\" data-e-type=\"container\">\n\t\t\t\t<div class=\"elementor-element elementor-element-5d91a0a animated-slow elementor-invisible elementor-widget elementor-widget-heading\" data-id=\"5d91a0a\" data-element_type=\"widget\" data-e-type=\"widget\" data-settings=\"{&quot;_animation&quot;:&quot;fadeIn&quot;}\" data-widget_type=\"heading.default\">\n\t\t\t\t<div class=\"elementor-widget-container\">\n\t\t\t\t\t<h1 class=\"elementor-heading-title elementor-size-default\">Proyectos<\/h1>\t\t\t\t<\/div>\n\t\t\t\t<\/div>\n\t\t\t\t<\/div>\n\t\t\t\t<div class=\"elementor-element elementor-element-87aefaf elementor-widget__width-initial elementor-invisible elementor-widget elementor-widget-text-editor\" data-id=\"87aefaf\" data-element_type=\"widget\" data-e-type=\"widget\" data-settings=\"{&quot;_animation&quot;:&quot;fadeInRight&quot;}\" data-widget_type=\"text-editor.default\">\n\t\t\t\t<div class=\"elementor-widget-container\">\n\t\t\t\t\t\t\t\t\t<p>Un recorrido visual por algunos de los trabajos que reflejan mi forma de entender el dise\u00f1o: pr\u00e1ctica, personalizada y sostenible<\/p>\t\t\t\t\t\t\t\t<\/div>\n\t\t\t\t<\/div>\n\t\t\t\t<\/div>\n\t\t\t\t\t<\/div>\n\t\t\t\t<\/div>\n\t\t<div class=\"elementor-element elementor-element-7c118ef e-con-full e-flex e-con e-parent\" data-id=\"7c118ef\" data-element_type=\"container\" data-e-type=\"container\" data-settings=\"{&quot;background_background&quot;:&quot;classic&quot;}\">\n\t\t<div class=\"elementor-element elementor-element-ed36fdb e-con-full e-flex e-con e-child\" data-id=\"ed36fdb\" data-element_type=\"container\" data-e-type=\"container\">\n\t\t<div class=\"elementor-element elementor-element-c13cf82 e-con-full e-flex e-con e-child\" data-id=\"c13cf82\" data-element_type=\"container\" data-e-type=\"container\">\n\t\t\t\t<div class=\"elementor-element elementor-element-d973ce3 elementor-widget elementor-widget-better-portfolio\" data-id=\"d973ce3\" data-element_type=\"widget\" data-e-type=\"widget\" data-widget_type=\"better-portfolio.default\">\n\t\t\t\t<div class=\"elementor-widget-container\">\n\t\t\t\t\t<div class=\"better-portfolio style-2 metro position-re light\">\r\n    <div class=\"row\">\r\n        <div class=\"col-lg-12 no-padding\">\r\n            <div class=\"swiper-container\">\r\n                <div class=\"swiper-wrapper\">\r\n                                            <div class=\"swiper-slide\">\r\n                            <div class=\"content wow fadeInUp\" data-wow-delay=\".3s\">\r\n                                <div class=\"item-img better-bg-img wow imago\"\r\n                                     data-background=\"https:\/\/nereazabalazabalza.com\/wp-content\/uploads\/2025\/08\/proyecto-estella.jpg\">\r\n                                <\/div>\r\n                                <div class=\"cont\">\r\n                                    <h6><a href=\"https:\/\/nereazabalazabalza.com\/eu\/distribucion-de-salon-en-estella\/\">Dise\u00f1o de interiores<\/a><\/h6>\r\n                                    <h4><a href=\"https:\/\/nereazabalazabalza.com\/eu\/distribucion-de-salon-en-estella\/\">Distribuci\u00f3n de sal\u00f3n en Estella<\/a><\/h4> \r\n                                <\/div>\r\n                            <\/div>\r\n                        <\/div>\r\n                                            <div class=\"swiper-slide\">\r\n                            <div class=\"content wow fadeInUp\" data-wow-delay=\".3s\">\r\n                                <div class=\"item-img better-bg-img wow imago\"\r\n                                     data-background=\"https:\/\/nereazabalazabalza.com\/wp-content\/uploads\/2025\/08\/proyecto-comiruna-3.jpg\">\r\n                                <\/div>\r\n                                <div class=\"cont\">\r\n                                    <h6><a href=\"https:\/\/nereazabalazabalza.com\/eu\/espacio-multidisciplinar-en-pamplona\/\">Dise\u00f1o de interiores<\/a><\/h6>\r\n                                    <h4><a href=\"https:\/\/nereazabalazabalza.com\/eu\/espacio-multidisciplinar-en-pamplona\/\">Espacio multidisciplinar en Pamplona<\/a><\/h4> \r\n                                <\/div>\r\n                            <\/div>\r\n                        <\/div>\r\n                                            <div class=\"swiper-slide\">\r\n                            <div class=\"content wow fadeInUp\" data-wow-delay=\".3s\">\r\n                                <div class=\"item-img better-bg-img wow imago\"\r\n                                     data-background=\"https:\/\/nereazabalazabalza.com\/wp-content\/uploads\/2025\/08\/3-farmacia.jpg\">\r\n                                <\/div>\r\n                                <div class=\"cont\">\r\n                                    <h6><a href=\"https:\/\/nereazabalazabalza.com\/eu\/escaparatismo-en-farmacia-solina\/\">Intervenciones art\u00edsticas<\/a><\/h6>\r\n                                    <h4><a href=\"https:\/\/nereazabalazabalza.com\/eu\/escaparatismo-en-farmacia-solina\/\">Escaparatismo en Farmacia Soli\u00f1a<\/a><\/h4> \r\n                                <\/div>\r\n                            <\/div>\r\n                        <\/div>\r\n                                    <\/div>\r\n\r\n                <div class=\"swiper-button-prev swiper-nav-ctrl prev-ctrl cursor-pointer\">\r\n                    <span class=\"arrow prv\">Prev<\/span>\r\n                <\/div>\r\n                <div class=\"swiper-button-next swiper-nav-ctrl next-ctrl cursor-pointer\">\r\n                    <span class=\"arrow nxt\">Next<\/span>\r\n                <\/div>\r\n\r\n                <div class=\"set-control\">\r\n                    <div class=\"swiper-pagination\"><\/div>\r\n                    <div class=\"activeslide custom-font\">1<\/div>\r\n                    <div class=\"totalslide custom-font\">3<\/div>\r\n                <\/div>\r\n            <\/div>\r\n        <\/div>\r\n    <\/div>\r\n<\/div>\r\n\t\t\t\t<\/div>\n\t\t\t\t<\/div>\n\t\t\t\t<\/div>\n\t\t\t\t<\/div>\n\t\t\t\t<\/div>\n\t\t\t\t<\/div>","protected":false},"excerpt":{"rendered":"<p>Proyectos Un recorrido visual por algunos de los trabajos que reflejan mi forma de entender el dise\u00f1o: pr\u00e1ctica, personalizada y sostenible Dise\u00f1o de interiores Distribuci\u00f3n de sal\u00f3n en Estella Dise\u00f1o de interiores Espacio multidisciplinar en Pamplona Intervenciones art\u00edsticas Escaparatismo en Farmacia Soli\u00f1a Prev Next 1 3<\/p>","protected":false},"author":1,"featured_media":0,"parent":0,"menu_order":0,"comment_status":"closed","ping_status":"closed","template":"","meta":{"footnotes":""},"class_list":["post-256","page","type-page","status-publish","hentry"],"_links":{"self":[{"href":"https:\/\/nereazabalazabalza.com\/eu\/wp-json\/wp\/v2\/pages\/256","targetHints":{"allow":["GET"]}}],"collection":[{"href":"https:\/\/nereazabalazabalza.com\/eu\/wp-json\/wp\/v2\/pages"}],"about":[{"href":"https:\/\/nereazabalazabalza.com\/eu\/wp-json\/wp\/v2\/types\/page"}],"author":[{"embeddable":true,"href":"https:\/\/nereazabalazabalza.com\/eu\/wp-json\/wp\/v2\/users\/1"}],"replies":[{"embeddable":true,"href":"https:\/\/nereazabalazabalza.com\/eu\/wp-json\/wp\/v2\/comments?post=256"}],"version-history":[{"count":19,"href":"https:\/\/nereazabalazabalza.com\/eu\/wp-json\/wp\/v2\/pages\/256\/revisions"}],"predecessor-version":[{"id":426,"href":"https:\/\/nereazabalazabalza.com\/eu\/wp-json\/wp\/v2\/pages\/256\/revisions\/426"}],"wp:attachment":[{"href":"https:\/\/nereazabalazabalza.com\/eu\/wp-json\/wp\/v2\/media?parent=256"}],"curies":[{"name":"wp","href":"https:\/\/api.w.org\/{rel}","templated":true}]}}