{"id":294,"date":"2025-08-16T19:25:21","date_gmt":"2025-08-16T17:25:21","guid":{"rendered":"https:\/\/nereazabalazabalza.com\/?page_id=294"},"modified":"2025-08-29T09:28:00","modified_gmt":"2025-08-29T07:28:00","slug":"espacio-multidisciplinar-en-pamplona","status":"publish","type":"page","link":"https:\/\/nereazabalazabalza.com\/eu\/espacio-multidisciplinar-en-pamplona\/","title":{"rendered":"Espacio multidisciplinar en Pamplona"},"content":{"rendered":"<style>.elementor-294 .elementor-element.elementor-element-9f9bd11{--display:flex;--flex-direction:row;--container-widget-width:calc( ( 1 - var( --container-widget-flex-grow ) ) * 100% );--container-widget-height:100%;--container-widget-flex-grow:1;--container-widget-align-self:stretch;--flex-wrap-mobile:wrap;--justify-content:center;--align-items:center;--overflow:hidden;--overlay-opacity:0.5;--margin-top:-150px;--margin-bottom:0px;--margin-left:0px;--margin-right:0px;--padding-top:245px;--padding-bottom:175px;--padding-left:0px;--padding-right:0px;}.elementor-294 .elementor-element.elementor-element-9f9bd11:not(.elementor-motion-effects-element-type-background), .elementor-294 .elementor-element.elementor-element-9f9bd11 > .elementor-motion-effects-container > .elementor-motion-effects-layer{background-color:var( --e-global-color-primary );background-image:url(\"https:\/\/nereazabalazabalza.com\/wp-content\/uploads\/2025\/08\/proyecto-comiruna-2.jpg\");background-position:top center;background-repeat:no-repeat;background-size:cover;}.elementor-294 .elementor-element.elementor-element-9f9bd11::before, .elementor-294 .elementor-element.elementor-element-9f9bd11 > .elementor-background-video-container::before, .elementor-294 .elementor-element.elementor-element-9f9bd11 > .e-con-inner > .elementor-background-video-container::before, .elementor-294 .elementor-element.elementor-element-9f9bd11 > .elementor-background-slideshow::before, .elementor-294 .elementor-element.elementor-element-9f9bd11 > .e-con-inner > .elementor-background-slideshow::before, .elementor-294 .elementor-element.elementor-element-9f9bd11 > .elementor-motion-effects-container > .elementor-motion-effects-layer::before{--background-overlay:'';background-color:var( --e-global-color-8f4944a );}.elementor-294 .elementor-element.elementor-element-9f9bd11.e-con{--align-self:center;}.elementor-294 .elementor-element.elementor-element-827d5f8{--display:flex;--flex-direction:row;--container-widget-width:initial;--container-widget-height:100%;--container-widget-flex-grow:1;--container-widget-align-self:stretch;--flex-wrap-mobile:wrap;--margin-top:0px;--margin-bottom:0px;--margin-left:0px;--margin-right:0px;--padding-top:0px;--padding-bottom:0px;--padding-left:0px;--padding-right:0px;}.elementor-294 .elementor-element.elementor-element-098d502{--display:flex;--flex-direction:column;--container-widget-width:100%;--container-widget-height:initial;--container-widget-flex-grow:0;--container-widget-align-self:initial;--flex-wrap-mobile:wrap;--margin-top:0px;--margin-bottom:0px;--margin-left:0px;--margin-right:15px;--padding-top:0px;--padding-bottom:0px;--padding-left:0px;--padding-right:0px;}.elementor-294 .elementor-element.elementor-element-bbf4866 .elementor-heading-title{font-family:var( --e-global-typography-dc3e383-font-family ), Sans-serif;font-size:var( --e-global-typography-dc3e383-font-size );font-weight:var( --e-global-typography-dc3e383-font-weight );line-height:var( --e-global-typography-dc3e383-line-height );letter-spacing:var( --e-global-typography-dc3e383-letter-spacing );word-spacing:var( --e-global-typography-dc3e383-word-spacing );color:var( --e-global-color-e4ebf09 );}.elementor-294 .elementor-element.elementor-element-bbf4866 > .elementor-widget-container{margin:0px 0px 0px 0px;}.elementor-294 .elementor-element.elementor-element-0af3957{font-family:var( --e-global-typography-text-font-family ), Sans-serif;font-size:var( --e-global-typography-text-font-size );font-weight:var( --e-global-typography-text-font-weight );text-transform:var( --e-global-typography-text-text-transform );font-style:var( --e-global-typography-text-font-style );text-decoration:var( --e-global-typography-text-text-decoration );line-height:var( --e-global-typography-text-line-height );color:var( --e-global-color-primary );width:var( --container-widget-width, 25% );max-width:25%;--container-widget-width:25%;--container-widget-flex-grow:0;}.elementor-294 .elementor-element.elementor-element-0af3957 > .elementor-widget-container{margin:0px 0px -15px 15px;}.elementor-294 .elementor-element.elementor-element-0af3957.elementor-element{--align-self:flex-end;}.elementor-294 .elementor-element.elementor-element-a0a4331{--display:flex;--flex-direction:row;--container-widget-width:initial;--container-widget-height:100%;--container-widget-flex-grow:1;--container-widget-align-self:stretch;--flex-wrap-mobile:wrap;--overflow:hidden;--padding-top:100px;--padding-bottom:100px;--padding-left:0px;--padding-right:0px;}.elementor-294 .elementor-element.elementor-element-a0a4331:not(.elementor-motion-effects-element-type-background), .elementor-294 .elementor-element.elementor-element-a0a4331 > .elementor-motion-effects-container > .elementor-motion-effects-layer{background-color:var( --e-global-color-secondary );}.elementor-294 .elementor-element.elementor-element-fb144ef{--display:flex;--flex-direction:row;--container-widget-width:initial;--container-widget-height:100%;--container-widget-flex-grow:1;--container-widget-align-self:stretch;--flex-wrap-mobile:wrap;--margin-top:0px;--margin-bottom:0px;--margin-left:0px;--margin-right:0px;--padding-top:0px;--padding-bottom:0px;--padding-left:0px;--padding-right:0px;}.elementor-294 .elementor-element.elementor-element-541f161{--display:flex;--justify-content:space-between;--margin-top:0px;--margin-bottom:0px;--margin-left:0px;--margin-right:15px;--padding-top:0px;--padding-bottom:0px;--padding-left:0px;--padding-right:0px;}.elementor-294 .elementor-element.elementor-element-35a6833{--display:flex;--margin-top:0px;--margin-bottom:0px;--margin-left:0px;--margin-right:0px;--padding-top:0px;--padding-bottom:0px;--padding-left:0px;--padding-right:0px;}.elementor-294 .elementor-element.elementor-element-f3fd412{font-family:var( --e-global-typography-text-font-family ), Sans-serif;font-size:var( --e-global-typography-text-font-size );font-weight:var( --e-global-typography-text-font-weight );text-transform:var( --e-global-typography-text-text-transform );font-style:var( --e-global-typography-text-font-style );text-decoration:var( --e-global-typography-text-text-decoration );line-height:var( --e-global-typography-text-line-height );}.elementor-294 .elementor-element.elementor-element-f3fd412 > .elementor-widget-container{margin:5px 0px -10px 0px;}.elementor-294 .elementor-element.elementor-element-027f618{--display:flex;--flex-direction:row;--container-widget-width:calc( ( 1 - var( --container-widget-flex-grow ) ) * 100% );--container-widget-height:100%;--container-widget-flex-grow:1;--container-widget-align-self:stretch;--flex-wrap-mobile:wrap;--align-items:center;--gap:0px 0px;--row-gap:0px;--column-gap:0px;--margin-top:0px;--margin-bottom:0px;--margin-left:15px;--margin-right:0px;--padding-top:0px;--padding-bottom:0px;--padding-left:0px;--padding-right:0px;}.elementor-294 .elementor-element.elementor-element-f2be1d1{--display:flex;--flex-direction:column;--container-widget-width:100%;--container-widget-height:initial;--container-widget-flex-grow:0;--container-widget-align-self:initial;--flex-wrap-mobile:wrap;--padding-top:0px;--padding-bottom:100px;--padding-left:0px;--padding-right:0px;}.elementor-294 .elementor-element.elementor-element-f2be1d1:not(.elementor-motion-effects-element-type-background), .elementor-294 .elementor-element.elementor-element-f2be1d1 > .elementor-motion-effects-container > .elementor-motion-effects-layer{background-color:var( --e-global-color-secondary );}.elementor-294 .elementor-element.elementor-element-5adb4b1{--image-transition-duration:800ms;--overlay-transition-duration:800ms;--content-text-align:center;--content-padding:20px;--content-transition-duration:800ms;--content-transition-delay:800ms;}.elementor-294 .elementor-element.elementor-element-5adb4b1 .e-gallery-item:hover .elementor-gallery-item__overlay, .elementor-294 .elementor-element.elementor-element-5adb4b1 .e-gallery-item:focus .elementor-gallery-item__overlay{background-color:rgba(0,0,0,0.5);}.elementor-294 .elementor-element.elementor-element-148821f{--display:flex;--flex-direction:column;--container-widget-width:100%;--container-widget-height:initial;--container-widget-flex-grow:0;--container-widget-align-self:initial;--flex-wrap-mobile:wrap;--padding-top:100px;--padding-bottom:100px;--padding-left:0px;--padding-right:0px;}:root{--page-title-display:none;}@media(max-width:1024px){.elementor-294 .elementor-element.elementor-element-9f9bd11{--margin-top:-150px;--margin-bottom:0px;--margin-left:0px;--margin-right:0px;--padding-top:245px;--padding-bottom:175px;--padding-left:30px;--padding-right:30px;}.elementor-294 .elementor-element.elementor-element-bbf4866 .elementor-heading-title{font-size:var( --e-global-typography-dc3e383-font-size );line-height:var( --e-global-typography-dc3e383-line-height );letter-spacing:var( --e-global-typography-dc3e383-letter-spacing );word-spacing:var( --e-global-typography-dc3e383-word-spacing );}.elementor-294 .elementor-element.elementor-element-0af3957{font-size:var( --e-global-typography-text-font-size );line-height:var( --e-global-typography-text-line-height );--container-widget-width:30%;--container-widget-flex-grow:0;width:var( --container-widget-width, 30% );max-width:30%;}.elementor-294 .elementor-element.elementor-element-a0a4331{--padding-top:100px;--padding-bottom:100px;--padding-left:30px;--padding-right:30px;}.elementor-294 .elementor-element.elementor-element-35a6833{--gap:10px 10px;--row-gap:10px;--column-gap:10px;}.elementor-294 .elementor-element.elementor-element-f3fd412{font-size:var( --e-global-typography-text-font-size );line-height:var( --e-global-typography-text-line-height );}.elementor-294 .elementor-element.elementor-element-f3fd412 > .elementor-widget-container{margin:0px 0px -15px 0px;}.elementor-294 .elementor-element.elementor-element-5a0a0b5.elementor-element{--align-self:center;}.elementor-294 .elementor-element.elementor-element-f2be1d1{--padding-top:0px;--padding-bottom:100px;--padding-left:30px;--padding-right:30px;}.elementor-294 .elementor-element.elementor-element-148821f{--padding-top:100px;--padding-bottom:100px;--padding-left:30px;--padding-right:30px;}}@media(max-width:767px){.elementor-294 .elementor-element.elementor-element-9f9bd11{--margin-top:-150px;--margin-bottom:0px;--margin-left:0px;--margin-right:0px;--padding-top:200px;--padding-bottom:135px;--padding-left:20px;--padding-right:20px;}.elementor-294 .elementor-element.elementor-element-098d502{--margin-top:0px;--margin-bottom:15px;--margin-left:0px;--margin-right:0px;}.elementor-294 .elementor-element.elementor-element-bbf4866{text-align:center;}.elementor-294 .elementor-element.elementor-element-bbf4866 .elementor-heading-title{font-size:var( --e-global-typography-dc3e383-font-size );line-height:var( --e-global-typography-dc3e383-line-height );letter-spacing:var( --e-global-typography-dc3e383-letter-spacing );word-spacing:var( --e-global-typography-dc3e383-word-spacing );}.elementor-294 .elementor-element.elementor-element-0af3957{text-align:center;font-size:var( --e-global-typography-text-font-size );line-height:var( --e-global-typography-text-line-height );--container-widget-width:100%;--container-widget-flex-grow:0;width:var( --container-widget-width, 100% );max-width:100%;}.elementor-294 .elementor-element.elementor-element-0af3957 > .elementor-widget-container{margin:15px 0px -15px 0px;}.elementor-294 .elementor-element.elementor-element-a0a4331{--padding-top:50px;--padding-bottom:10px;--padding-left:20px;--padding-right:20px;}.elementor-294 .elementor-element.elementor-element-541f161{--flex-direction:column;--container-widget-width:100%;--container-widget-height:initial;--container-widget-flex-grow:0;--container-widget-align-self:initial;--flex-wrap-mobile:wrap;--margin-top:0px;--margin-bottom:15px;--margin-left:0px;--margin-right:0px;}.elementor-294 .elementor-element.elementor-element-f3fd412{text-align:center;font-size:var( --e-global-typography-text-font-size );line-height:var( --e-global-typography-text-line-height );}.elementor-294 .elementor-element.elementor-element-f3fd412 > .elementor-widget-container{margin:5px 0px -15px 0px;}.elementor-294 .elementor-element.elementor-element-027f618{--margin-top:15px;--margin-bottom:0px;--margin-left:0px;--margin-right:0px;}.elementor-294 .elementor-element.elementor-element-f2be1d1{--padding-top:0px;--padding-bottom:50px;--padding-left:20px;--padding-right:20px;}.elementor-294 .elementor-element.elementor-element-148821f{--padding-top:50px;--padding-bottom:50px;--padding-left:20px;--padding-right:20px;}}@media(min-width:768px){.elementor-294 .elementor-element.elementor-element-098d502{--width:75%;}}@media(max-width:1024px) and (min-width:768px){.elementor-294 .elementor-element.elementor-element-098d502{--width:70%;}}<\/style>\t\t<div data-elementor-type=\"wp-page\" data-elementor-id=\"294\" class=\"elementor elementor-294\" data-elementor-post-type=\"page\">\n\t\t\t\t<div class=\"elementor-element elementor-element-9f9bd11 e-flex e-con-boxed e-con e-parent\" data-id=\"9f9bd11\" data-element_type=\"container\" data-e-type=\"container\" data-settings=\"{&quot;background_background&quot;:&quot;classic&quot;}\">\n\t\t\t\t\t<div class=\"e-con-inner\">\n\t\t<div class=\"elementor-element elementor-element-827d5f8 e-con-full e-flex e-con e-child\" data-id=\"827d5f8\" data-element_type=\"container\" data-e-type=\"container\">\n\t\t<div class=\"elementor-element elementor-element-098d502 e-con-full e-flex e-con e-child\" data-id=\"098d502\" data-element_type=\"container\" data-e-type=\"container\">\n\t\t\t\t<div class=\"elementor-element elementor-element-bbf4866 animated-slow elementor-invisible elementor-widget elementor-widget-heading\" data-id=\"bbf4866\" data-element_type=\"widget\" data-e-type=\"widget\" data-settings=\"{&quot;_animation&quot;:&quot;fadeIn&quot;}\" data-widget_type=\"heading.default\">\n\t\t\t\t<div class=\"elementor-widget-container\">\n\t\t\t\t\t<h1 class=\"elementor-heading-title elementor-size-default\"> Espacio multiusos Mercado del Ensanche de Pamplona<\/h1>\t\t\t\t<\/div>\n\t\t\t\t<\/div>\n\t\t\t\t<\/div>\n\t\t\t\t<div class=\"elementor-element elementor-element-0af3957 elementor-widget__width-initial elementor-invisible elementor-widget elementor-widget-text-editor\" data-id=\"0af3957\" data-element_type=\"widget\" data-e-type=\"widget\" data-settings=\"{&quot;_animation&quot;:&quot;fadeInRight&quot;}\" data-widget_type=\"text-editor.default\">\n\t\t\t\t<div class=\"elementor-widget-container\">\n\t\t\t\t\t\t\t\t\t<p><span style=\"font-weight: 400;\">Dise\u00f1amos y adecuamos un espacio vers\u00e1til y funcional que integra tres \u00e1reas clave: una cocina, una zona de reuniones y una zona de acceso. El objetivo fue crear un entorno armonioso que permitiera diferentes usos dentro de un mismo lugar, manteniendo siempre la coherencia est\u00e9tica, la comodidad y la versatilidad.<\/span><\/p>\t\t\t\t\t\t\t\t<\/div>\n\t\t\t\t<\/div>\n\t\t\t\t<\/div>\n\t\t\t\t\t<\/div>\n\t\t\t\t<\/div>\n\t\t<div class=\"elementor-element elementor-element-a0a4331 e-flex e-con-boxed e-con e-parent\" data-id=\"a0a4331\" data-element_type=\"container\" data-e-type=\"container\" data-settings=\"{&quot;background_background&quot;:&quot;classic&quot;}\">\n\t\t\t\t\t<div class=\"e-con-inner\">\n\t\t<div class=\"elementor-element elementor-element-fb144ef e-con-full e-flex e-con e-child\" data-id=\"fb144ef\" data-element_type=\"container\" data-e-type=\"container\">\n\t\t<div class=\"elementor-element elementor-element-541f161 e-con-full e-flex e-con e-child\" data-id=\"541f161\" data-element_type=\"container\" data-e-type=\"container\">\n\t\t<div class=\"elementor-element elementor-element-35a6833 e-con-full e-flex e-con e-child\" data-id=\"35a6833\" data-element_type=\"container\" data-e-type=\"container\">\n\t\t\t\t<div class=\"elementor-element elementor-element-f3fd412 elementor-invisible elementor-widget elementor-widget-text-editor\" data-id=\"f3fd412\" data-element_type=\"widget\" data-e-type=\"widget\" data-settings=\"{&quot;_animation&quot;:&quot;fadeIn&quot;}\" data-widget_type=\"text-editor.default\">\n\t\t\t\t<div class=\"elementor-widget-container\">\n\t\t\t\t\t\t\t\t\t<p><span style=\"font-weight: 400;\">La cocina fue concebida como un espacio social y funcional, ideal para realizar cursos de cocina abiertos a diferentes colectivos. Se eligieron materiales que crean contraste con el resto del espacio para darle protagonismo.<\/span><\/p><p><span style=\"font-weight: 400;\">La zona de reuniones fue dise\u00f1ada con un enfoque flexible: equipada para fomentar el trabajo colaborativo y la comunicaci\u00f3n. Integrando una pantalla de gran dimensi\u00f3n para realizar videoconferencias.<\/span><\/p><p><span style=\"font-weight: 400;\">\u00a0La zona de acceso funciona como una transici\u00f3n fluida entre las distintas \u00e1reas, dando la bienvenida con una peque\u00f1a zona de estar.<\/span><\/p><p><span style=\"font-weight: 400;\">Este proyecto demuestra c\u00f3mo, a trav\u00e9s del dise\u00f1o interior, se puede transformar un espacio en un lugar eficiente, fluido y adaptable a m\u00faltiples actividades.<\/span><\/p>\t\t\t\t\t\t\t\t<\/div>\n\t\t\t\t<\/div>\n\t\t\t\t<\/div>\n\t\t\t\t<\/div>\n\t\t<div class=\"elementor-element elementor-element-027f618 e-con-full e-flex e-con e-child\" data-id=\"027f618\" data-element_type=\"container\" data-e-type=\"container\">\n\t\t\t\t<div class=\"elementor-element elementor-element-5a0a0b5 elementor-invisible elementor-widget elementor-widget-image\" data-id=\"5a0a0b5\" data-element_type=\"widget\" data-e-type=\"widget\" data-settings=\"{&quot;_animation&quot;:&quot;fadeInRight&quot;}\" data-widget_type=\"image.default\">\n\t\t\t\t<div class=\"elementor-widget-container\">\n\t\t\t\t\t\t\t\t\t\t\t\t\t\t\t<img fetchpriority=\"high\" decoding=\"async\" width=\"1000\" height=\"777\" src=\"https:\/\/nereazabalazabalza.com\/wp-content\/uploads\/2025\/08\/proyecto-comiruna-3.jpg\" class=\"attachment-full size-full wp-image-213\" alt=\"proyecto interiorismo\" srcset=\"https:\/\/nereazabalazabalza.com\/wp-content\/uploads\/2025\/08\/proyecto-comiruna-3.jpg 1000w, https:\/\/nereazabalazabalza.com\/wp-content\/uploads\/2025\/08\/proyecto-comiruna-3-300x233.jpg 300w, https:\/\/nereazabalazabalza.com\/wp-content\/uploads\/2025\/08\/proyecto-comiruna-3-768x597.jpg 768w\" sizes=\"(max-width: 1000px) 100vw, 1000px\" \/>\t\t\t\t\t\t\t\t\t\t\t\t\t\t\t<\/div>\n\t\t\t\t<\/div>\n\t\t\t\t<\/div>\n\t\t\t\t<\/div>\n\t\t\t\t\t<\/div>\n\t\t\t\t<\/div>\n\t\t<div class=\"elementor-element elementor-element-f2be1d1 e-flex e-con-boxed e-con e-parent\" data-id=\"f2be1d1\" data-element_type=\"container\" data-e-type=\"container\" data-settings=\"{&quot;background_background&quot;:&quot;classic&quot;}\">\n\t\t\t\t\t<div class=\"e-con-inner\">\n\t\t\t\t<div class=\"elementor-element elementor-element-5adb4b1 elementor-widget elementor-widget-gallery\" data-id=\"5adb4b1\" data-element_type=\"widget\" data-e-type=\"widget\" data-settings=\"{&quot;lazyload&quot;:&quot;yes&quot;,&quot;gallery_layout&quot;:&quot;grid&quot;,&quot;columns&quot;:4,&quot;columns_tablet&quot;:2,&quot;columns_mobile&quot;:1,&quot;gap&quot;:{&quot;unit&quot;:&quot;px&quot;,&quot;size&quot;:10,&quot;sizes&quot;:[]},&quot;gap_tablet&quot;:{&quot;unit&quot;:&quot;px&quot;,&quot;size&quot;:10,&quot;sizes&quot;:[]},&quot;gap_mobile&quot;:{&quot;unit&quot;:&quot;px&quot;,&quot;size&quot;:10,&quot;sizes&quot;:[]},&quot;link_to&quot;:&quot;file&quot;,&quot;aspect_ratio&quot;:&quot;3:2&quot;,&quot;overlay_background&quot;:&quot;yes&quot;,&quot;content_hover_animation&quot;:&quot;fade-in&quot;}\" data-widget_type=\"gallery.default\">\n\t\t\t\t<div class=\"elementor-widget-container\">\n\t\t\t\t\t\t\t<div class=\"elementor-gallery__container\">\n\t\t\t\t\t\t\t<a class=\"e-gallery-item elementor-gallery-item elementor-animated-content\" href=\"https:\/\/nereazabalazabalza.com\/wp-content\/uploads\/2025\/08\/proyecto-comiruna-1.jpg\" data-elementor-open-lightbox=\"yes\" data-elementor-lightbox-slideshow=\"5adb4b1\" data-elementor-lightbox-title=\"proyecto comiru\u00f1a 1\" data-e-action-hash=\"#elementor-action%3Aaction%3Dlightbox%26settings%3DeyJpZCI6MjE4LCJ1cmwiOiJodHRwczpcL1wvbmVyZWF6YWJhbGF6YWJhbHphLmNvbVwvd3AtY29udGVudFwvdXBsb2Fkc1wvMjAyNVwvMDhcL3Byb3llY3RvLWNvbWlydW5hLTEuanBnIiwic2xpZGVzaG93IjoiNWFkYjRiMSJ9\">\n\t\t\t\t\t<div class=\"e-gallery-image elementor-gallery-item__image\" data-thumbnail=\"https:\/\/nereazabalazabalza.com\/wp-content\/uploads\/2025\/08\/proyecto-comiruna-1.jpg\" data-width=\"1000\" data-height=\"1002\" aria-label=\"proyecto interiorismo\" role=\"img\" ><\/div>\n\t\t\t\t\t\t\t\t\t\t\t<div class=\"elementor-gallery-item__overlay\"><\/div>\n\t\t\t\t\t\t\t\t\t\t\t\t\t\t<\/a>\n\t\t\t\t\t\t\t<a class=\"e-gallery-item elementor-gallery-item elementor-animated-content\" href=\"https:\/\/nereazabalazabalza.com\/wp-content\/uploads\/2025\/08\/proyecto-comiruna-2.jpg\" data-elementor-open-lightbox=\"yes\" data-elementor-lightbox-slideshow=\"5adb4b1\" data-elementor-lightbox-title=\"proyecto comiru\u00f1a 2\" data-e-action-hash=\"#elementor-action%3Aaction%3Dlightbox%26settings%3DeyJpZCI6MjE3LCJ1cmwiOiJodHRwczpcL1wvbmVyZWF6YWJhbGF6YWJhbHphLmNvbVwvd3AtY29udGVudFwvdXBsb2Fkc1wvMjAyNVwvMDhcL3Byb3llY3RvLWNvbWlydW5hLTIuanBnIiwic2xpZGVzaG93IjoiNWFkYjRiMSJ9\">\n\t\t\t\t\t<div class=\"e-gallery-image elementor-gallery-item__image\" data-thumbnail=\"https:\/\/nereazabalazabalza.com\/wp-content\/uploads\/2025\/08\/proyecto-comiruna-2.jpg\" data-width=\"1000\" data-height=\"989\" aria-label=\"proyecto interiorismo\" role=\"img\" ><\/div>\n\t\t\t\t\t\t\t\t\t\t\t<div class=\"elementor-gallery-item__overlay\"><\/div>\n\t\t\t\t\t\t\t\t\t\t\t\t\t\t<\/a>\n\t\t\t\t\t\t\t<a class=\"e-gallery-item elementor-gallery-item elementor-animated-content\" href=\"https:\/\/nereazabalazabalza.com\/wp-content\/uploads\/2025\/08\/detalle-cocina-2.jpg\" data-elementor-open-lightbox=\"yes\" data-elementor-lightbox-slideshow=\"5adb4b1\" data-elementor-lightbox-title=\"detalle cocina 2\" data-e-action-hash=\"#elementor-action%3Aaction%3Dlightbox%26settings%3DeyJpZCI6MjE2LCJ1cmwiOiJodHRwczpcL1wvbmVyZWF6YWJhbGF6YWJhbHphLmNvbVwvd3AtY29udGVudFwvdXBsb2Fkc1wvMjAyNVwvMDhcL2RldGFsbGUtY29jaW5hLTIuanBnIiwic2xpZGVzaG93IjoiNWFkYjRiMSJ9\">\n\t\t\t\t\t<div class=\"e-gallery-image elementor-gallery-item__image\" data-thumbnail=\"https:\/\/nereazabalazabalza.com\/wp-content\/uploads\/2025\/08\/detalle-cocina-2.jpg\" data-width=\"1000\" data-height=\"810\" aria-label=\"proyecto interiorismo\" role=\"img\" ><\/div>\n\t\t\t\t\t\t\t\t\t\t\t<div class=\"elementor-gallery-item__overlay\"><\/div>\n\t\t\t\t\t\t\t\t\t\t\t\t\t\t<\/a>\n\t\t\t\t\t\t\t<a class=\"e-gallery-item elementor-gallery-item elementor-animated-content\" href=\"https:\/\/nereazabalazabalza.com\/wp-content\/uploads\/2025\/08\/detalle-cocina-1.jpg\" data-elementor-open-lightbox=\"yes\" data-elementor-lightbox-slideshow=\"5adb4b1\" data-elementor-lightbox-title=\"detalle cocina 1\" data-e-action-hash=\"#elementor-action%3Aaction%3Dlightbox%26settings%3DeyJpZCI6MjE1LCJ1cmwiOiJodHRwczpcL1wvbmVyZWF6YWJhbGF6YWJhbHphLmNvbVwvd3AtY29udGVudFwvdXBsb2Fkc1wvMjAyNVwvMDhcL2RldGFsbGUtY29jaW5hLTEuanBnIiwic2xpZGVzaG93IjoiNWFkYjRiMSJ9\">\n\t\t\t\t\t<div class=\"e-gallery-image elementor-gallery-item__image\" data-thumbnail=\"https:\/\/nereazabalazabalza.com\/wp-content\/uploads\/2025\/08\/detalle-cocina-1.jpg\" data-width=\"1000\" data-height=\"693\" aria-label=\"proyecto interiorismo\" role=\"img\" ><\/div>\n\t\t\t\t\t\t\t\t\t\t\t<div class=\"elementor-gallery-item__overlay\"><\/div>\n\t\t\t\t\t\t\t\t\t\t\t\t\t\t<\/a>\n\t\t\t\t\t<\/div>\n\t\t\t\t\t<\/div>\n\t\t\t\t<\/div>\n\t\t\t\t\t<\/div>\n\t\t\t\t<\/div>\n\t\t<div class=\"elementor-element elementor-element-148821f e-flex e-con-boxed e-con e-parent\" data-id=\"148821f\" data-element_type=\"container\" data-e-type=\"container\">\n\t\t\t\t\t<div class=\"e-con-inner\">\n\t\t\t\t<div class=\"elementor-element elementor-element-3c1b8db elementor-widget elementor-widget-comparison\" data-id=\"3c1b8db\" data-element_type=\"widget\" data-e-type=\"widget\" data-widget_type=\"comparison.default\">\n\t\t\t\t<div class=\"elementor-widget-container\">\n\t\t\t\t\t\t    <div class=\"better-comparison-image style-1\"> \r\n\t        <div class=\"twentytwenty-container\"> \r\n\t            <img decoding=\"async\" src=\"https:\/\/nereazabalazabalza.com\/wp-content\/uploads\/2025\/08\/espacio-multiusos.jpg\" alt=\"img\"\/>\r\n\t            <img decoding=\"async\" src=\"https:\/\/nereazabalazabalza.com\/wp-content\/uploads\/2025\/08\/proyecto-comiruna-3.jpg\" alt=\"img\"\/>\r\n\t        <\/div>\r\n\t    <\/div>\r\n\t    \t\t\t\t<\/div>\n\t\t\t\t<\/div>\n\t\t\t\t\t<\/div>\n\t\t\t\t<\/div>\n\t\t\t\t<\/div>","protected":false},"excerpt":{"rendered":"<p>Espacio multiusos Mercado del Ensanche de Pamplona Dise\u00f1amos y adecuamos un espacio vers\u00e1til y funcional que integra tres \u00e1reas clave: una cocina, una zona de reuniones y una zona de acceso. El objetivo fue crear un entorno armonioso que permitiera diferentes usos dentro de un mismo lugar, manteniendo siempre la coherencia est\u00e9tica, la comodidad y [&hellip;]<\/p>\n","protected":false},"author":1,"featured_media":0,"parent":0,"menu_order":0,"comment_status":"closed","ping_status":"closed","template":"","meta":{"footnotes":""},"class_list":["post-294","page","type-page","status-publish","hentry"],"_links":{"self":[{"href":"https:\/\/nereazabalazabalza.com\/eu\/wp-json\/wp\/v2\/pages\/294","targetHints":{"allow":["GET"]}}],"collection":[{"href":"https:\/\/nereazabalazabalza.com\/eu\/wp-json\/wp\/v2\/pages"}],"about":[{"href":"https:\/\/nereazabalazabalza.com\/eu\/wp-json\/wp\/v2\/types\/page"}],"author":[{"embeddable":true,"href":"https:\/\/nereazabalazabalza.com\/eu\/wp-json\/wp\/v2\/users\/1"}],"replies":[{"embeddable":true,"href":"https:\/\/nereazabalazabalza.com\/eu\/wp-json\/wp\/v2\/comments?post=294"}],"version-history":[{"count":10,"href":"https:\/\/nereazabalazabalza.com\/eu\/wp-json\/wp\/v2\/pages\/294\/revisions"}],"predecessor-version":[{"id":402,"href":"https:\/\/nereazabalazabalza.com\/eu\/wp-json\/wp\/v2\/pages\/294\/revisions\/402"}],"wp:attachment":[{"href":"https:\/\/nereazabalazabalza.com\/eu\/wp-json\/wp\/v2\/media?parent=294"}],"curies":[{"name":"wp","href":"https:\/\/api.w.org\/{rel}","templated":true}]}}