{"id":295,"date":"2025-08-16T19:25:37","date_gmt":"2025-08-16T17:25:37","guid":{"rendered":"https:\/\/nereazabalazabalza.com\/?page_id=295"},"modified":"2025-08-29T09:29:02","modified_gmt":"2025-08-29T07:29:02","slug":"distribucion-de-salon-en-estella","status":"publish","type":"page","link":"https:\/\/nereazabalazabalza.com\/eu\/distribucion-de-salon-en-estella\/","title":{"rendered":"Distribuci\u00f3n de sal\u00f3n en Estella"},"content":{"rendered":"<style>.elementor-295 .elementor-element.elementor-element-ae4948b{--display:flex;--flex-direction:row;--container-widget-width:calc( ( 1 - var( --container-widget-flex-grow ) ) * 100% );--container-widget-height:100%;--container-widget-flex-grow:1;--container-widget-align-self:stretch;--flex-wrap-mobile:wrap;--justify-content:center;--align-items:center;--overflow:hidden;--overlay-opacity:0.5;--margin-top:-150px;--margin-bottom:0px;--margin-left:0px;--margin-right:0px;--padding-top:245px;--padding-bottom:175px;--padding-left:0px;--padding-right:0px;}.elementor-295 .elementor-element.elementor-element-ae4948b:not(.elementor-motion-effects-element-type-background), .elementor-295 .elementor-element.elementor-element-ae4948b > .elementor-motion-effects-container > .elementor-motion-effects-layer{background-color:var( --e-global-color-primary );background-image:url(\"https:\/\/nereazabalazabalza.com\/wp-content\/uploads\/2025\/08\/proyecto-estella.jpg\");background-position:top center;background-repeat:no-repeat;background-size:cover;}.elementor-295 .elementor-element.elementor-element-ae4948b::before, .elementor-295 .elementor-element.elementor-element-ae4948b > .elementor-background-video-container::before, .elementor-295 .elementor-element.elementor-element-ae4948b > .e-con-inner > .elementor-background-video-container::before, .elementor-295 .elementor-element.elementor-element-ae4948b > .elementor-background-slideshow::before, .elementor-295 .elementor-element.elementor-element-ae4948b > .e-con-inner > .elementor-background-slideshow::before, .elementor-295 .elementor-element.elementor-element-ae4948b > .elementor-motion-effects-container > .elementor-motion-effects-layer::before{--background-overlay:'';background-color:var( --e-global-color-8f4944a );}.elementor-295 .elementor-element.elementor-element-ae4948b.e-con{--align-self:center;}.elementor-295 .elementor-element.elementor-element-81c5107{--display:flex;--flex-direction:row;--container-widget-width:initial;--container-widget-height:100%;--container-widget-flex-grow:1;--container-widget-align-self:stretch;--flex-wrap-mobile:wrap;--margin-top:0px;--margin-bottom:0px;--margin-left:0px;--margin-right:0px;--padding-top:0px;--padding-bottom:0px;--padding-left:0px;--padding-right:0px;}.elementor-295 .elementor-element.elementor-element-8db2ef4{--display:flex;--flex-direction:column;--container-widget-width:100%;--container-widget-height:initial;--container-widget-flex-grow:0;--container-widget-align-self:initial;--flex-wrap-mobile:wrap;--margin-top:0px;--margin-bottom:0px;--margin-left:0px;--margin-right:15px;--padding-top:0px;--padding-bottom:0px;--padding-left:0px;--padding-right:0px;}.elementor-295 .elementor-element.elementor-element-5af184a .elementor-heading-title{font-family:var( --e-global-typography-dc3e383-font-family ), Sans-serif;font-size:var( --e-global-typography-dc3e383-font-size );font-weight:var( --e-global-typography-dc3e383-font-weight );line-height:var( --e-global-typography-dc3e383-line-height );letter-spacing:var( --e-global-typography-dc3e383-letter-spacing );word-spacing:var( --e-global-typography-dc3e383-word-spacing );color:var( --e-global-color-e4ebf09 );}.elementor-295 .elementor-element.elementor-element-5af184a > .elementor-widget-container{margin:0px 0px 0px 0px;}.elementor-295 .elementor-element.elementor-element-8fd3fab{font-family:var( --e-global-typography-text-font-family ), Sans-serif;font-size:var( --e-global-typography-text-font-size );font-weight:var( --e-global-typography-text-font-weight );text-transform:var( --e-global-typography-text-text-transform );font-style:var( --e-global-typography-text-font-style );text-decoration:var( --e-global-typography-text-text-decoration );line-height:var( --e-global-typography-text-line-height );color:var( --e-global-color-primary );width:var( --container-widget-width, 25% );max-width:25%;--container-widget-width:25%;--container-widget-flex-grow:0;}.elementor-295 .elementor-element.elementor-element-8fd3fab > .elementor-widget-container{margin:0px 0px -15px 15px;}.elementor-295 .elementor-element.elementor-element-8fd3fab.elementor-element{--align-self:flex-end;}.elementor-295 .elementor-element.elementor-element-547987da{--display:flex;--flex-direction:row;--container-widget-width:initial;--container-widget-height:100%;--container-widget-flex-grow:1;--container-widget-align-self:stretch;--flex-wrap-mobile:wrap;--overflow:hidden;--padding-top:100px;--padding-bottom:100px;--padding-left:0px;--padding-right:0px;}.elementor-295 .elementor-element.elementor-element-547987da:not(.elementor-motion-effects-element-type-background), .elementor-295 .elementor-element.elementor-element-547987da > .elementor-motion-effects-container > .elementor-motion-effects-layer{background-color:var( --e-global-color-secondary );}.elementor-295 .elementor-element.elementor-element-44371676{--display:flex;--flex-direction:row;--container-widget-width:initial;--container-widget-height:100%;--container-widget-flex-grow:1;--container-widget-align-self:stretch;--flex-wrap-mobile:wrap;--margin-top:0px;--margin-bottom:0px;--margin-left:0px;--margin-right:0px;--padding-top:0px;--padding-bottom:0px;--padding-left:0px;--padding-right:0px;}.elementor-295 .elementor-element.elementor-element-38d1f631{--display:flex;--justify-content:center;--margin-top:0px;--margin-bottom:0px;--margin-left:0px;--margin-right:15px;--padding-top:0px;--padding-bottom:0px;--padding-left:0px;--padding-right:0px;}.elementor-295 .elementor-element.elementor-element-1707a347{--display:flex;--justify-content:center;--margin-top:0px;--margin-bottom:0px;--margin-left:0px;--margin-right:0px;--padding-top:0px;--padding-bottom:0px;--padding-left:0px;--padding-right:0px;}.elementor-295 .elementor-element.elementor-element-3b0e4766{font-family:var( --e-global-typography-text-font-family ), Sans-serif;font-size:var( --e-global-typography-text-font-size );font-weight:var( --e-global-typography-text-font-weight );text-transform:var( --e-global-typography-text-text-transform );font-style:var( --e-global-typography-text-font-style );text-decoration:var( --e-global-typography-text-text-decoration );line-height:var( --e-global-typography-text-line-height );}.elementor-295 .elementor-element.elementor-element-3b0e4766 > .elementor-widget-container{margin:5px 0px -10px 0px;}.elementor-295 .elementor-element.elementor-element-30d8c432{--display:flex;--flex-direction:row;--container-widget-width:calc( ( 1 - var( --container-widget-flex-grow ) ) * 100% );--container-widget-height:100%;--container-widget-flex-grow:1;--container-widget-align-self:stretch;--flex-wrap-mobile:wrap;--align-items:center;--gap:0px 0px;--row-gap:0px;--column-gap:0px;--margin-top:0px;--margin-bottom:0px;--margin-left:15px;--margin-right:0px;--padding-top:0px;--padding-bottom:0px;--padding-left:0px;--padding-right:0px;}.elementor-295 .elementor-element.elementor-element-1a7c26a{--display:flex;--flex-direction:column;--container-widget-width:100%;--container-widget-height:initial;--container-widget-flex-grow:0;--container-widget-align-self:initial;--flex-wrap-mobile:wrap;--padding-top:0px;--padding-bottom:100px;--padding-left:0px;--padding-right:0px;}.elementor-295 .elementor-element.elementor-element-1a7c26a:not(.elementor-motion-effects-element-type-background), .elementor-295 .elementor-element.elementor-element-1a7c26a > .elementor-motion-effects-container > .elementor-motion-effects-layer{background-color:var( --e-global-color-secondary );}.elementor-295 .elementor-element.elementor-element-9a5fb54{--image-transition-duration:800ms;--overlay-transition-duration:800ms;--content-text-align:center;--content-padding:20px;--content-transition-duration:800ms;--content-transition-delay:800ms;}.elementor-295 .elementor-element.elementor-element-9a5fb54 .e-gallery-item:hover .elementor-gallery-item__overlay, .elementor-295 .elementor-element.elementor-element-9a5fb54 .e-gallery-item:focus .elementor-gallery-item__overlay{background-color:rgba(0,0,0,0.5);}:root{--page-title-display:none;}@media(max-width:1024px){.elementor-295 .elementor-element.elementor-element-ae4948b{--margin-top:-150px;--margin-bottom:0px;--margin-left:0px;--margin-right:0px;--padding-top:245px;--padding-bottom:175px;--padding-left:30px;--padding-right:30px;}.elementor-295 .elementor-element.elementor-element-5af184a .elementor-heading-title{font-size:var( --e-global-typography-dc3e383-font-size );line-height:var( --e-global-typography-dc3e383-line-height );letter-spacing:var( --e-global-typography-dc3e383-letter-spacing );word-spacing:var( --e-global-typography-dc3e383-word-spacing );}.elementor-295 .elementor-element.elementor-element-8fd3fab{font-size:var( --e-global-typography-text-font-size );line-height:var( --e-global-typography-text-line-height );--container-widget-width:30%;--container-widget-flex-grow:0;width:var( --container-widget-width, 30% );max-width:30%;}.elementor-295 .elementor-element.elementor-element-547987da{--padding-top:100px;--padding-bottom:100px;--padding-left:30px;--padding-right:30px;}.elementor-295 .elementor-element.elementor-element-44371676{--justify-content:center;}.elementor-295 .elementor-element.elementor-element-38d1f631{--justify-content:center;}.elementor-295 .elementor-element.elementor-element-1707a347{--gap:10px 10px;--row-gap:10px;--column-gap:10px;}.elementor-295 .elementor-element.elementor-element-3b0e4766{font-size:var( --e-global-typography-text-font-size );line-height:var( --e-global-typography-text-line-height );}.elementor-295 .elementor-element.elementor-element-3b0e4766 > .elementor-widget-container{margin:0px 0px -15px 0px;}.elementor-295 .elementor-element.elementor-element-30d8c432{--justify-content:center;--align-items:center;--container-widget-width:calc( ( 1 - var( --container-widget-flex-grow ) ) * 100% );}.elementor-295 .elementor-element.elementor-element-515a13fb.elementor-element{--align-self:flex-end;}.elementor-295 .elementor-element.elementor-element-1a7c26a{--padding-top:0px;--padding-bottom:100px;--padding-left:30px;--padding-right:30px;}}@media(max-width:767px){.elementor-295 .elementor-element.elementor-element-ae4948b{--margin-top:-150px;--margin-bottom:0px;--margin-left:0px;--margin-right:0px;--padding-top:200px;--padding-bottom:135px;--padding-left:20px;--padding-right:20px;}.elementor-295 .elementor-element.elementor-element-8db2ef4{--margin-top:0px;--margin-bottom:15px;--margin-left:0px;--margin-right:0px;}.elementor-295 .elementor-element.elementor-element-5af184a{text-align:center;}.elementor-295 .elementor-element.elementor-element-5af184a .elementor-heading-title{font-size:var( --e-global-typography-dc3e383-font-size );line-height:var( --e-global-typography-dc3e383-line-height );letter-spacing:var( --e-global-typography-dc3e383-letter-spacing );word-spacing:var( --e-global-typography-dc3e383-word-spacing );}.elementor-295 .elementor-element.elementor-element-8fd3fab{text-align:center;font-size:var( --e-global-typography-text-font-size );line-height:var( --e-global-typography-text-line-height );--container-widget-width:100%;--container-widget-flex-grow:0;width:var( --container-widget-width, 100% );max-width:100%;}.elementor-295 .elementor-element.elementor-element-8fd3fab > .elementor-widget-container{margin:15px 0px -15px 0px;}.elementor-295 .elementor-element.elementor-element-547987da{--padding-top:50px;--padding-bottom:10px;--padding-left:20px;--padding-right:20px;}.elementor-295 .elementor-element.elementor-element-38d1f631{--flex-direction:column;--container-widget-width:100%;--container-widget-height:initial;--container-widget-flex-grow:0;--container-widget-align-self:initial;--flex-wrap-mobile:wrap;--margin-top:0px;--margin-bottom:15px;--margin-left:0px;--margin-right:0px;}.elementor-295 .elementor-element.elementor-element-3b0e4766{text-align:center;font-size:var( --e-global-typography-text-font-size );line-height:var( --e-global-typography-text-line-height );}.elementor-295 .elementor-element.elementor-element-3b0e4766 > .elementor-widget-container{margin:5px 0px -15px 0px;}.elementor-295 .elementor-element.elementor-element-30d8c432{--margin-top:15px;--margin-bottom:0px;--margin-left:0px;--margin-right:0px;}.elementor-295 .elementor-element.elementor-element-1a7c26a{--padding-top:0px;--padding-bottom:50px;--padding-left:20px;--padding-right:20px;}}@media(min-width:768px){.elementor-295 .elementor-element.elementor-element-8db2ef4{--width:75%;}}@media(max-width:1024px) and (min-width:768px){.elementor-295 .elementor-element.elementor-element-8db2ef4{--width:70%;}}<\/style>\t\t<div data-elementor-type=\"wp-page\" data-elementor-id=\"295\" class=\"elementor elementor-295\" data-elementor-post-type=\"page\">\n\t\t\t\t<div class=\"elementor-element elementor-element-ae4948b e-flex e-con-boxed e-con e-parent\" data-id=\"ae4948b\" data-element_type=\"container\" data-e-type=\"container\" data-settings=\"{&quot;background_background&quot;:&quot;classic&quot;}\">\n\t\t\t\t\t<div class=\"e-con-inner\">\n\t\t<div class=\"elementor-element elementor-element-81c5107 e-con-full e-flex e-con e-child\" data-id=\"81c5107\" data-element_type=\"container\" data-e-type=\"container\">\n\t\t<div class=\"elementor-element elementor-element-8db2ef4 e-con-full e-flex e-con e-child\" data-id=\"8db2ef4\" data-element_type=\"container\" data-e-type=\"container\">\n\t\t\t\t<div class=\"elementor-element elementor-element-5af184a animated-slow elementor-invisible elementor-widget elementor-widget-heading\" data-id=\"5af184a\" data-element_type=\"widget\" data-e-type=\"widget\" data-settings=\"{&quot;_animation&quot;:&quot;fadeIn&quot;}\" data-widget_type=\"heading.default\">\n\t\t\t\t<div class=\"elementor-widget-container\">\n\t\t\t\t\t<h1 class=\"elementor-heading-title elementor-size-default\">Distribuci\u00f3n de sal\u00f3n en Estella<\/h1>\t\t\t\t<\/div>\n\t\t\t\t<\/div>\n\t\t\t\t<\/div>\n\t\t\t\t<div class=\"elementor-element elementor-element-8fd3fab elementor-widget__width-initial elementor-invisible elementor-widget elementor-widget-text-editor\" data-id=\"8fd3fab\" data-element_type=\"widget\" data-e-type=\"widget\" data-settings=\"{&quot;_animation&quot;:&quot;fadeInRight&quot;}\" data-widget_type=\"text-editor.default\">\n\t\t\t\t<div class=\"elementor-widget-container\">\n\t\t\t\t\t\t\t\t\t<p><span style=\"font-weight: 400;\">Este sal\u00f3n familiar fue dise\u00f1ado como el coraz\u00f3n del hogar: un espacio donde relajarse, compartir y disfrutar en un ambiente acogedor y lleno de armon\u00eda.<\/span><\/p>\t\t\t\t\t\t\t\t<\/div>\n\t\t\t\t<\/div>\n\t\t\t\t<\/div>\n\t\t\t\t\t<\/div>\n\t\t\t\t<\/div>\n\t\t<div class=\"elementor-element elementor-element-547987da e-flex e-con-boxed e-con e-parent\" data-id=\"547987da\" data-element_type=\"container\" data-e-type=\"container\" data-settings=\"{&quot;background_background&quot;:&quot;classic&quot;}\">\n\t\t\t\t\t<div class=\"e-con-inner\">\n\t\t<div class=\"elementor-element elementor-element-44371676 e-con-full e-flex e-con e-child\" data-id=\"44371676\" data-element_type=\"container\" data-e-type=\"container\">\n\t\t<div class=\"elementor-element elementor-element-38d1f631 e-con-full e-flex e-con e-child\" data-id=\"38d1f631\" data-element_type=\"container\" data-e-type=\"container\">\n\t\t<div class=\"elementor-element elementor-element-1707a347 e-con-full e-flex e-con e-child\" data-id=\"1707a347\" data-element_type=\"container\" data-e-type=\"container\">\n\t\t\t\t<div class=\"elementor-element elementor-element-3b0e4766 elementor-invisible elementor-widget elementor-widget-text-editor\" data-id=\"3b0e4766\" data-element_type=\"widget\" data-e-type=\"widget\" data-settings=\"{&quot;_animation&quot;:&quot;fadeIn&quot;}\" data-widget_type=\"text-editor.default\">\n\t\t\t\t<div class=\"elementor-widget-container\">\n\t\t\t\t\t\t\t\t\t<p><span style=\"font-weight: 400;\">El objetivo principal fue ampliar visualmente el espacio y optimizar su funcionalidad. Para lograrlo, se sustituy\u00f3 la televisi\u00f3n por un proyector, lo que permiti\u00f3 liberar la pared principal y replantear toda la distribuci\u00f3n. Este cambio no solo aport\u00f3 mayor amplitud, sino que tambi\u00e9n permiti\u00f3 organizar el ambiente de forma m\u00e1s equilibrada y coherente.<\/span><\/p><p><span style=\"font-weight: 400;\">La paleta de colores \u2014beige, verdes y tonos terracota\u2014 envuelve el ambiente en una sensaci\u00f3n de calma, naturalidad y calidez. Los materiales nobles, las texturas suaves y la iluminaci\u00f3n cuidadosamente elegida refuerzan la idea de un lugar pensado para el confort y la convivencia.<\/span><\/p><p><span style=\"font-weight: 400;\">Cada elemento fue seleccionado para crear un equilibrio entre est\u00e9tica y funcionalidad, dando vida a un espacio que invita a quedarse, a conversar, a desconectar del ritmo diario.<\/span><\/p>\t\t\t\t\t\t\t\t<\/div>\n\t\t\t\t<\/div>\n\t\t\t\t<\/div>\n\t\t\t\t<\/div>\n\t\t<div class=\"elementor-element elementor-element-30d8c432 e-con-full e-flex e-con e-child\" data-id=\"30d8c432\" data-element_type=\"container\" data-e-type=\"container\">\n\t\t\t\t<div class=\"elementor-element elementor-element-515a13fb elementor-invisible elementor-widget elementor-widget-image\" data-id=\"515a13fb\" data-element_type=\"widget\" data-e-type=\"widget\" data-settings=\"{&quot;_animation&quot;:&quot;fadeInRight&quot;}\" data-widget_type=\"image.default\">\n\t\t\t\t<div class=\"elementor-widget-container\">\n\t\t\t\t\t\t\t\t\t\t\t\t\t\t\t<img fetchpriority=\"high\" decoding=\"async\" width=\"1400\" height=\"951\" src=\"https:\/\/nereazabalazabalza.com\/wp-content\/uploads\/2025\/08\/cabecera-pagina.jpg\" class=\"attachment-full size-full wp-image-208\" alt=\"proyecto interiorismo\" srcset=\"https:\/\/nereazabalazabalza.com\/wp-content\/uploads\/2025\/08\/cabecera-pagina.jpg 1400w, https:\/\/nereazabalazabalza.com\/wp-content\/uploads\/2025\/08\/cabecera-pagina-300x204.jpg 300w, https:\/\/nereazabalazabalza.com\/wp-content\/uploads\/2025\/08\/cabecera-pagina-1024x696.jpg 1024w, https:\/\/nereazabalazabalza.com\/wp-content\/uploads\/2025\/08\/cabecera-pagina-768x522.jpg 768w\" sizes=\"(max-width: 1400px) 100vw, 1400px\" \/>\t\t\t\t\t\t\t\t\t\t\t\t\t\t\t<\/div>\n\t\t\t\t<\/div>\n\t\t\t\t<\/div>\n\t\t\t\t<\/div>\n\t\t\t\t\t<\/div>\n\t\t\t\t<\/div>\n\t\t<div class=\"elementor-element elementor-element-1a7c26a e-flex e-con-boxed e-con e-parent\" data-id=\"1a7c26a\" data-element_type=\"container\" data-e-type=\"container\" data-settings=\"{&quot;background_background&quot;:&quot;classic&quot;}\">\n\t\t\t\t\t<div class=\"e-con-inner\">\n\t\t\t\t<div class=\"elementor-element elementor-element-9a5fb54 elementor-widget elementor-widget-gallery\" data-id=\"9a5fb54\" data-element_type=\"widget\" data-e-type=\"widget\" data-settings=\"{&quot;columns&quot;:2,&quot;lazyload&quot;:&quot;yes&quot;,&quot;gallery_layout&quot;:&quot;grid&quot;,&quot;columns_tablet&quot;:2,&quot;columns_mobile&quot;:1,&quot;gap&quot;:{&quot;unit&quot;:&quot;px&quot;,&quot;size&quot;:10,&quot;sizes&quot;:[]},&quot;gap_tablet&quot;:{&quot;unit&quot;:&quot;px&quot;,&quot;size&quot;:10,&quot;sizes&quot;:[]},&quot;gap_mobile&quot;:{&quot;unit&quot;:&quot;px&quot;,&quot;size&quot;:10,&quot;sizes&quot;:[]},&quot;link_to&quot;:&quot;file&quot;,&quot;aspect_ratio&quot;:&quot;3:2&quot;,&quot;overlay_background&quot;:&quot;yes&quot;,&quot;content_hover_animation&quot;:&quot;fade-in&quot;}\" data-widget_type=\"gallery.default\">\n\t\t\t\t<div class=\"elementor-widget-container\">\n\t\t\t\t\t\t\t<div class=\"elementor-gallery__container\">\n\t\t\t\t\t\t\t<a class=\"e-gallery-item elementor-gallery-item elementor-animated-content\" href=\"https:\/\/nereazabalazabalza.com\/wp-content\/uploads\/2025\/08\/proyecto-estella.jpg\" data-elementor-open-lightbox=\"yes\" data-elementor-lightbox-slideshow=\"9a5fb54\" data-elementor-lightbox-title=\"proyecto estella\" data-e-action-hash=\"#elementor-action%3Aaction%3Dlightbox%26settings%3DeyJpZCI6MjExLCJ1cmwiOiJodHRwczpcL1wvbmVyZWF6YWJhbGF6YWJhbHphLmNvbVwvd3AtY29udGVudFwvdXBsb2Fkc1wvMjAyNVwvMDhcL3Byb3llY3RvLWVzdGVsbGEuanBnIiwic2xpZGVzaG93IjoiOWE1ZmI1NCJ9\">\n\t\t\t\t\t<div class=\"e-gallery-image elementor-gallery-item__image\" data-thumbnail=\"https:\/\/nereazabalazabalza.com\/wp-content\/uploads\/2025\/08\/proyecto-estella.jpg\" data-width=\"1000\" data-height=\"678\" aria-label=\"proyecto interiorismo\" role=\"img\" ><\/div>\n\t\t\t\t\t\t\t\t\t\t\t<div class=\"elementor-gallery-item__overlay\"><\/div>\n\t\t\t\t\t\t\t\t\t\t\t\t\t\t<\/a>\n\t\t\t\t\t\t\t<a class=\"e-gallery-item elementor-gallery-item elementor-animated-content\" href=\"https:\/\/nereazabalazabalza.com\/wp-content\/uploads\/2025\/08\/proyecto-estella-1.jpg\" data-elementor-open-lightbox=\"yes\" data-elementor-lightbox-slideshow=\"9a5fb54\" data-elementor-lightbox-title=\"proyecto estella 1\" data-e-action-hash=\"#elementor-action%3Aaction%3Dlightbox%26settings%3DeyJpZCI6MjEwLCJ1cmwiOiJodHRwczpcL1wvbmVyZWF6YWJhbGF6YWJhbHphLmNvbVwvd3AtY29udGVudFwvdXBsb2Fkc1wvMjAyNVwvMDhcL3Byb3llY3RvLWVzdGVsbGEtMS5qcGciLCJzbGlkZXNob3ciOiI5YTVmYjU0In0%3D\">\n\t\t\t\t\t<div class=\"e-gallery-image elementor-gallery-item__image\" data-thumbnail=\"https:\/\/nereazabalazabalza.com\/wp-content\/uploads\/2025\/08\/proyecto-estella-1.jpg\" data-width=\"800\" data-height=\"1015\" aria-label=\"proyecto interiorismo\" role=\"img\" ><\/div>\n\t\t\t\t\t\t\t\t\t\t\t<div class=\"elementor-gallery-item__overlay\"><\/div>\n\t\t\t\t\t\t\t\t\t\t\t\t\t\t<\/a>\n\t\t\t\t\t<\/div>\n\t\t\t\t\t<\/div>\n\t\t\t\t<\/div>\n\t\t\t\t\t<\/div>\n\t\t\t\t<\/div>\n\t\t\t\t<\/div>","protected":false},"excerpt":{"rendered":"<p>Distribuci\u00f3n de sal\u00f3n en Estella Este sal\u00f3n familiar fue dise\u00f1ado como el coraz\u00f3n del hogar: un espacio donde relajarse, compartir y disfrutar en un ambiente acogedor y lleno de armon\u00eda. El objetivo principal fue ampliar visualmente el espacio y optimizar su funcionalidad. Para lograrlo, se sustituy\u00f3 la televisi\u00f3n por un proyector, lo que permiti\u00f3 liberar [&hellip;]<\/p>\n","protected":false},"author":1,"featured_media":0,"parent":0,"menu_order":0,"comment_status":"closed","ping_status":"closed","template":"","meta":{"footnotes":""},"class_list":["post-295","page","type-page","status-publish","hentry"],"_links":{"self":[{"href":"https:\/\/nereazabalazabalza.com\/eu\/wp-json\/wp\/v2\/pages\/295","targetHints":{"allow":["GET"]}}],"collection":[{"href":"https:\/\/nereazabalazabalza.com\/eu\/wp-json\/wp\/v2\/pages"}],"about":[{"href":"https:\/\/nereazabalazabalza.com\/eu\/wp-json\/wp\/v2\/types\/page"}],"author":[{"embeddable":true,"href":"https:\/\/nereazabalazabalza.com\/eu\/wp-json\/wp\/v2\/users\/1"}],"replies":[{"embeddable":true,"href":"https:\/\/nereazabalazabalza.com\/eu\/wp-json\/wp\/v2\/comments?post=295"}],"version-history":[{"count":25,"href":"https:\/\/nereazabalazabalza.com\/eu\/wp-json\/wp\/v2\/pages\/295\/revisions"}],"predecessor-version":[{"id":411,"href":"https:\/\/nereazabalazabalza.com\/eu\/wp-json\/wp\/v2\/pages\/295\/revisions\/411"}],"wp:attachment":[{"href":"https:\/\/nereazabalazabalza.com\/eu\/wp-json\/wp\/v2\/media?parent=295"}],"curies":[{"name":"wp","href":"https:\/\/api.w.org\/{rel}","templated":true}]}}