{"id":296,"date":"2025-08-16T19:26:01","date_gmt":"2025-08-16T17:26:01","guid":{"rendered":"https:\/\/nereazabalazabalza.com\/?page_id=296"},"modified":"2025-08-29T09:23:43","modified_gmt":"2025-08-29T07:23:43","slug":"escaparatismo-en-farmacia-solina","status":"publish","type":"page","link":"https:\/\/nereazabalazabalza.com\/eu\/escaparatismo-en-farmacia-solina\/","title":{"rendered":"Escaparatismo en Farmacia Soli\u00f1a"},"content":{"rendered":"<style>.elementor-296 .elementor-element.elementor-element-579b476{--display:flex;--flex-direction:row;--container-widget-width:calc( ( 1 - var( --container-widget-flex-grow ) ) * 100% );--container-widget-height:100%;--container-widget-flex-grow:1;--container-widget-align-self:stretch;--flex-wrap-mobile:wrap;--justify-content:center;--align-items:center;--overflow:hidden;--overlay-opacity:0.5;--margin-top:-150px;--margin-bottom:0px;--margin-left:0px;--margin-right:0px;--padding-top:245px;--padding-bottom:175px;--padding-left:0px;--padding-right:0px;}.elementor-296 .elementor-element.elementor-element-579b476:not(.elementor-motion-effects-element-type-background), .elementor-296 .elementor-element.elementor-element-579b476 > .elementor-motion-effects-container > .elementor-motion-effects-layer{background-color:var( --e-global-color-primary );background-image:url(\"https:\/\/nereazabalazabalza.com\/wp-content\/uploads\/2025\/08\/3-farmacia.jpg\");background-position:center center;background-repeat:no-repeat;background-size:cover;}.elementor-296 .elementor-element.elementor-element-579b476::before, .elementor-296 .elementor-element.elementor-element-579b476 > .elementor-background-video-container::before, .elementor-296 .elementor-element.elementor-element-579b476 > .e-con-inner > .elementor-background-video-container::before, .elementor-296 .elementor-element.elementor-element-579b476 > .elementor-background-slideshow::before, .elementor-296 .elementor-element.elementor-element-579b476 > .e-con-inner > .elementor-background-slideshow::before, .elementor-296 .elementor-element.elementor-element-579b476 > .elementor-motion-effects-container > .elementor-motion-effects-layer::before{--background-overlay:'';background-color:var( --e-global-color-8f4944a );}.elementor-296 .elementor-element.elementor-element-579b476.e-con{--align-self:center;}.elementor-296 .elementor-element.elementor-element-8855346{--display:flex;--flex-direction:row;--container-widget-width:initial;--container-widget-height:100%;--container-widget-flex-grow:1;--container-widget-align-self:stretch;--flex-wrap-mobile:wrap;--margin-top:0px;--margin-bottom:0px;--margin-left:0px;--margin-right:0px;--padding-top:0px;--padding-bottom:0px;--padding-left:0px;--padding-right:0px;}.elementor-296 .elementor-element.elementor-element-e8b0c86{--display:flex;--flex-direction:column;--container-widget-width:100%;--container-widget-height:initial;--container-widget-flex-grow:0;--container-widget-align-self:initial;--flex-wrap-mobile:wrap;--margin-top:0px;--margin-bottom:0px;--margin-left:0px;--margin-right:15px;--padding-top:0px;--padding-bottom:0px;--padding-left:0px;--padding-right:0px;}.elementor-296 .elementor-element.elementor-element-1e28bcf .elementor-heading-title{font-family:var( --e-global-typography-dc3e383-font-family ), Sans-serif;font-size:var( --e-global-typography-dc3e383-font-size );font-weight:var( --e-global-typography-dc3e383-font-weight );line-height:var( --e-global-typography-dc3e383-line-height );letter-spacing:var( --e-global-typography-dc3e383-letter-spacing );word-spacing:var( --e-global-typography-dc3e383-word-spacing );color:var( --e-global-color-e4ebf09 );}.elementor-296 .elementor-element.elementor-element-1e28bcf > .elementor-widget-container{margin:0px 0px 0px 0px;}.elementor-296 .elementor-element.elementor-element-c5524a6{font-family:var( --e-global-typography-text-font-family ), Sans-serif;font-size:var( --e-global-typography-text-font-size );font-weight:var( --e-global-typography-text-font-weight );text-transform:var( --e-global-typography-text-text-transform );font-style:var( --e-global-typography-text-font-style );text-decoration:var( --e-global-typography-text-text-decoration );line-height:var( --e-global-typography-text-line-height );color:var( --e-global-color-primary );width:var( --container-widget-width, 25% );max-width:25%;--container-widget-width:25%;--container-widget-flex-grow:0;}.elementor-296 .elementor-element.elementor-element-c5524a6 > .elementor-widget-container{margin:0px 0px -15px 15px;}.elementor-296 .elementor-element.elementor-element-c5524a6.elementor-element{--align-self:flex-end;}.elementor-296 .elementor-element.elementor-element-7b77301{--display:flex;--flex-direction:row;--container-widget-width:initial;--container-widget-height:100%;--container-widget-flex-grow:1;--container-widget-align-self:stretch;--flex-wrap-mobile:wrap;--overflow:hidden;--padding-top:100px;--padding-bottom:100px;--padding-left:0px;--padding-right:0px;}.elementor-296 .elementor-element.elementor-element-7b77301:not(.elementor-motion-effects-element-type-background), .elementor-296 .elementor-element.elementor-element-7b77301 > .elementor-motion-effects-container > .elementor-motion-effects-layer{background-color:var( --e-global-color-secondary );}.elementor-296 .elementor-element.elementor-element-fe155e6{--display:flex;--flex-direction:row;--container-widget-width:initial;--container-widget-height:100%;--container-widget-flex-grow:1;--container-widget-align-self:stretch;--flex-wrap-mobile:wrap;--margin-top:0px;--margin-bottom:0px;--margin-left:0px;--margin-right:0px;--padding-top:0px;--padding-bottom:0px;--padding-left:0px;--padding-right:0px;}.elementor-296 .elementor-element.elementor-element-8a80321{--display:flex;--justify-content:center;--margin-top:0px;--margin-bottom:0px;--margin-left:0px;--margin-right:15px;--padding-top:0px;--padding-bottom:0px;--padding-left:0px;--padding-right:0px;}.elementor-296 .elementor-element.elementor-element-0be320f{--display:flex;--justify-content:center;--margin-top:0px;--margin-bottom:0px;--margin-left:0px;--margin-right:0px;--padding-top:0px;--padding-bottom:0px;--padding-left:0px;--padding-right:0px;}.elementor-296 .elementor-element.elementor-element-eaf0cad{font-family:var( --e-global-typography-text-font-family ), Sans-serif;font-size:var( --e-global-typography-text-font-size );font-weight:var( --e-global-typography-text-font-weight );text-transform:var( --e-global-typography-text-text-transform );font-style:var( --e-global-typography-text-font-style );text-decoration:var( --e-global-typography-text-text-decoration );line-height:var( --e-global-typography-text-line-height );}.elementor-296 .elementor-element.elementor-element-eaf0cad > .elementor-widget-container{margin:0px 0px 0px 0px;}.elementor-296 .elementor-element.elementor-element-654ccb0{--display:flex;--flex-direction:row;--container-widget-width:calc( ( 1 - var( --container-widget-flex-grow ) ) * 100% );--container-widget-height:100%;--container-widget-flex-grow:1;--container-widget-align-self:stretch;--flex-wrap-mobile:wrap;--align-items:center;--gap:0px 0px;--row-gap:0px;--column-gap:0px;--margin-top:0px;--margin-bottom:0px;--margin-left:15px;--margin-right:0px;--padding-top:0px;--padding-bottom:0px;--padding-left:0px;--padding-right:0px;}.elementor-296 .elementor-element.elementor-element-64eec52{--display:flex;--flex-direction:column;--container-widget-width:100%;--container-widget-height:initial;--container-widget-flex-grow:0;--container-widget-align-self:initial;--flex-wrap-mobile:wrap;--padding-top:0px;--padding-bottom:100px;--padding-left:0px;--padding-right:0px;}.elementor-296 .elementor-element.elementor-element-64eec52:not(.elementor-motion-effects-element-type-background), .elementor-296 .elementor-element.elementor-element-64eec52 > .elementor-motion-effects-container > .elementor-motion-effects-layer{background-color:var( --e-global-color-secondary );}.elementor-296 .elementor-element.elementor-element-3b9915c{--image-transition-duration:800ms;--overlay-transition-duration:800ms;--content-text-align:center;--content-padding:20px;--content-transition-duration:800ms;--content-transition-delay:800ms;}.elementor-296 .elementor-element.elementor-element-3b9915c .e-gallery-item:hover .elementor-gallery-item__overlay, .elementor-296 .elementor-element.elementor-element-3b9915c .e-gallery-item:focus .elementor-gallery-item__overlay{background-color:rgba(0,0,0,0.5);}:root{--page-title-display:none;}@media(max-width:1024px){.elementor-296 .elementor-element.elementor-element-579b476{--margin-top:-150px;--margin-bottom:0px;--margin-left:0px;--margin-right:0px;--padding-top:245px;--padding-bottom:175px;--padding-left:30px;--padding-right:30px;}.elementor-296 .elementor-element.elementor-element-1e28bcf .elementor-heading-title{font-size:var( --e-global-typography-dc3e383-font-size );line-height:var( --e-global-typography-dc3e383-line-height );letter-spacing:var( --e-global-typography-dc3e383-letter-spacing );word-spacing:var( --e-global-typography-dc3e383-word-spacing );}.elementor-296 .elementor-element.elementor-element-c5524a6{font-size:var( --e-global-typography-text-font-size );line-height:var( --e-global-typography-text-line-height );--container-widget-width:30%;--container-widget-flex-grow:0;width:var( --container-widget-width, 30% );max-width:30%;}.elementor-296 .elementor-element.elementor-element-7b77301{--padding-top:100px;--padding-bottom:100px;--padding-left:30px;--padding-right:30px;}.elementor-296 .elementor-element.elementor-element-0be320f{--gap:10px 10px;--row-gap:10px;--column-gap:10px;}.elementor-296 .elementor-element.elementor-element-eaf0cad{font-size:var( --e-global-typography-text-font-size );line-height:var( --e-global-typography-text-line-height );}.elementor-296 .elementor-element.elementor-element-eaf0cad > .elementor-widget-container{margin:0px 0px -15px 0px;}.elementor-296 .elementor-element.elementor-element-a5dbd05.elementor-element{--align-self:flex-end;}.elementor-296 .elementor-element.elementor-element-64eec52{--padding-top:0px;--padding-bottom:100px;--padding-left:30px;--padding-right:30px;}}@media(max-width:767px){.elementor-296 .elementor-element.elementor-element-579b476{--margin-top:-150px;--margin-bottom:0px;--margin-left:0px;--margin-right:0px;--padding-top:200px;--padding-bottom:135px;--padding-left:20px;--padding-right:20px;}.elementor-296 .elementor-element.elementor-element-e8b0c86{--margin-top:0px;--margin-bottom:15px;--margin-left:0px;--margin-right:0px;}.elementor-296 .elementor-element.elementor-element-1e28bcf{text-align:center;}.elementor-296 .elementor-element.elementor-element-1e28bcf .elementor-heading-title{font-size:var( --e-global-typography-dc3e383-font-size );line-height:var( --e-global-typography-dc3e383-line-height );letter-spacing:var( --e-global-typography-dc3e383-letter-spacing );word-spacing:var( --e-global-typography-dc3e383-word-spacing );}.elementor-296 .elementor-element.elementor-element-c5524a6{text-align:center;font-size:var( --e-global-typography-text-font-size );line-height:var( --e-global-typography-text-line-height );--container-widget-width:100%;--container-widget-flex-grow:0;width:var( --container-widget-width, 100% );max-width:100%;}.elementor-296 .elementor-element.elementor-element-c5524a6 > .elementor-widget-container{margin:15px 0px -15px 0px;}.elementor-296 .elementor-element.elementor-element-7b77301{--padding-top:50px;--padding-bottom:10px;--padding-left:20px;--padding-right:20px;}.elementor-296 .elementor-element.elementor-element-8a80321{--flex-direction:column;--container-widget-width:100%;--container-widget-height:initial;--container-widget-flex-grow:0;--container-widget-align-self:initial;--flex-wrap-mobile:wrap;--margin-top:0px;--margin-bottom:15px;--margin-left:0px;--margin-right:0px;}.elementor-296 .elementor-element.elementor-element-eaf0cad{text-align:center;font-size:var( --e-global-typography-text-font-size );line-height:var( --e-global-typography-text-line-height );}.elementor-296 .elementor-element.elementor-element-eaf0cad > .elementor-widget-container{margin:5px 0px -15px 0px;}.elementor-296 .elementor-element.elementor-element-654ccb0{--margin-top:15px;--margin-bottom:0px;--margin-left:0px;--margin-right:0px;}.elementor-296 .elementor-element.elementor-element-64eec52{--padding-top:0px;--padding-bottom:50px;--padding-left:20px;--padding-right:20px;}}@media(min-width:768px){.elementor-296 .elementor-element.elementor-element-e8b0c86{--width:75%;}}@media(max-width:1024px) and (min-width:768px){.elementor-296 .elementor-element.elementor-element-e8b0c86{--width:70%;}}<\/style>\t\t<div data-elementor-type=\"wp-page\" data-elementor-id=\"296\" class=\"elementor elementor-296\" data-elementor-post-type=\"page\">\n\t\t\t\t<div class=\"elementor-element elementor-element-579b476 e-flex e-con-boxed e-con e-parent\" data-id=\"579b476\" data-element_type=\"container\" data-e-type=\"container\" data-settings=\"{&quot;background_background&quot;:&quot;classic&quot;}\">\n\t\t\t\t\t<div class=\"e-con-inner\">\n\t\t<div class=\"elementor-element elementor-element-8855346 e-con-full e-flex e-con e-child\" data-id=\"8855346\" data-element_type=\"container\" data-e-type=\"container\">\n\t\t<div class=\"elementor-element elementor-element-e8b0c86 e-con-full e-flex e-con e-child\" data-id=\"e8b0c86\" data-element_type=\"container\" data-e-type=\"container\">\n\t\t\t\t<div class=\"elementor-element elementor-element-1e28bcf animated-slow elementor-invisible elementor-widget elementor-widget-heading\" data-id=\"1e28bcf\" data-element_type=\"widget\" data-e-type=\"widget\" data-settings=\"{&quot;_animation&quot;:&quot;fadeIn&quot;}\" data-widget_type=\"heading.default\">\n\t\t\t\t<div class=\"elementor-widget-container\">\n\t\t\t\t\t<h1 class=\"elementor-heading-title elementor-size-default\">Escaparatismo en Farmacia Soli\u00f1a<\/h1>\t\t\t\t<\/div>\n\t\t\t\t<\/div>\n\t\t\t\t<\/div>\n\t\t\t\t<div class=\"elementor-element elementor-element-c5524a6 elementor-widget__width-initial elementor-invisible elementor-widget elementor-widget-text-editor\" data-id=\"c5524a6\" data-element_type=\"widget\" data-e-type=\"widget\" data-settings=\"{&quot;_animation&quot;:&quot;fadeInRight&quot;}\" data-widget_type=\"text-editor.default\">\n\t\t\t\t<div class=\"elementor-widget-container\">\n\t\t\t\t\t\t\t\t\t<p><span style=\"font-weight: 400;\">En este proyecto, desarrollamos dos intervenciones art\u00edsticas pensadas para sorprender, emocionar y transformar la experiencia del cliente al entrar a la farmacia, aportando un toque visual \u00fanico y lleno de personalidad.<\/span><\/p>\t\t\t\t\t\t\t\t<\/div>\n\t\t\t\t<\/div>\n\t\t\t\t<\/div>\n\t\t\t\t\t<\/div>\n\t\t\t\t<\/div>\n\t\t<div class=\"elementor-element elementor-element-7b77301 e-flex e-con-boxed e-con e-parent\" data-id=\"7b77301\" data-element_type=\"container\" data-e-type=\"container\" data-settings=\"{&quot;background_background&quot;:&quot;classic&quot;}\">\n\t\t\t\t\t<div class=\"e-con-inner\">\n\t\t<div class=\"elementor-element elementor-element-fe155e6 e-con-full e-flex e-con e-child\" data-id=\"fe155e6\" data-element_type=\"container\" data-e-type=\"container\">\n\t\t<div class=\"elementor-element elementor-element-8a80321 e-con-full e-flex e-con e-child\" data-id=\"8a80321\" data-element_type=\"container\" data-e-type=\"container\">\n\t\t<div class=\"elementor-element elementor-element-0be320f e-con-full e-flex e-con e-child\" data-id=\"0be320f\" data-element_type=\"container\" data-e-type=\"container\">\n\t\t\t\t<div class=\"elementor-element elementor-element-eaf0cad elementor-invisible elementor-widget elementor-widget-text-editor\" data-id=\"eaf0cad\" data-element_type=\"widget\" data-e-type=\"widget\" data-settings=\"{&quot;_animation&quot;:&quot;fadeIn&quot;}\" data-widget_type=\"text-editor.default\">\n\t\t\t\t<div class=\"elementor-widget-container\">\n\t\t\t\t\t\t\t\t\t<p><span style=\"font-weight: 400;\">La primera intervenci\u00f3n realizada en campa\u00f1a navide\u00f1a consisti\u00f3 en un arco decorativo elaborado con ramas de pino natural, al que se incorporaron paquetes de medicamentos envueltos como si fueran regalos. En esta ocasi\u00f3n se buscaba crear un ambiente c\u00e1lido y festivo, conectando la idea de salud y cuidado con el simbolismo del obsequio y el bienestar.<\/span><\/p><p><span style=\"font-weight: 400;\">La segunda intervenci\u00f3n fue una instalaci\u00f3n con cal\u00e9ndulas gigantes de papel, hechas a mano en tonos anaranjados.Es una planta conocida no solo por su belleza, sino tambi\u00e9n por sus propiedades terap\u00e9uticas y medicinales.<\/span><\/p><p><span style=\"font-weight: 400;\">La cal\u00e9ndula ha sido utilizada tradicionalmente en el \u00e1mbito farmac\u00e9utico y natural por sus beneficios para la piel, su acci\u00f3n antiinflamatoria y su capacidad para favorecer la cicatrizaci\u00f3n.Elegir esta planta como s\u00edmbolo visual fue una forma de conectar lo est\u00e9tico con lo curativo, lo art\u00edstico con lo terap\u00e9utico.<\/span><\/p><p><span style=\"font-weight: 400;\">Ubicadas estrat\u00e9gicamente, aportan un aire art\u00edstico, delicado y natural al espacio, transformando la farmacia en un lugar m\u00e1s cercano y visualmente memorable.<\/span><\/p><p><span style=\"font-weight: 400;\">Ambas propuestas demuestran c\u00f3mo el dise\u00f1o y el arte pueden integrarse en espacios comerciales, creando experiencias que van m\u00e1s all\u00e1 de lo funcional y generando una conexi\u00f3n emocional con los clientes desde el primer vistazo.<\/span><\/p>\t\t\t\t\t\t\t\t<\/div>\n\t\t\t\t<\/div>\n\t\t\t\t<\/div>\n\t\t\t\t<\/div>\n\t\t<div class=\"elementor-element elementor-element-654ccb0 e-con-full e-flex e-con e-child\" data-id=\"654ccb0\" data-element_type=\"container\" data-e-type=\"container\">\n\t\t\t\t<div class=\"elementor-element elementor-element-a5dbd05 elementor-invisible elementor-widget elementor-widget-image\" data-id=\"a5dbd05\" data-element_type=\"widget\" data-e-type=\"widget\" data-settings=\"{&quot;_animation&quot;:&quot;fadeInRight&quot;}\" data-widget_type=\"image.default\">\n\t\t\t\t<div class=\"elementor-widget-container\">\n\t\t\t\t\t\t\t\t\t\t\t\t\t\t\t<img fetchpriority=\"high\" decoding=\"async\" width=\"1004\" height=\"1367\" src=\"https:\/\/nereazabalazabalza.com\/wp-content\/uploads\/2025\/08\/farmacia-navidad-1.jpeg\" class=\"attachment-full size-full wp-image-384\" alt=\"proyecto escaparatismo\" srcset=\"https:\/\/nereazabalazabalza.com\/wp-content\/uploads\/2025\/08\/farmacia-navidad-1.jpeg 1004w, https:\/\/nereazabalazabalza.com\/wp-content\/uploads\/2025\/08\/farmacia-navidad-1-220x300.jpeg 220w, https:\/\/nereazabalazabalza.com\/wp-content\/uploads\/2025\/08\/farmacia-navidad-1-752x1024.jpeg 752w, https:\/\/nereazabalazabalza.com\/wp-content\/uploads\/2025\/08\/farmacia-navidad-1-768x1046.jpeg 768w\" sizes=\"(max-width: 1004px) 100vw, 1004px\" \/>\t\t\t\t\t\t\t\t\t\t\t\t\t\t\t<\/div>\n\t\t\t\t<\/div>\n\t\t\t\t<\/div>\n\t\t\t\t<\/div>\n\t\t\t\t\t<\/div>\n\t\t\t\t<\/div>\n\t\t<div class=\"elementor-element elementor-element-64eec52 e-flex e-con-boxed e-con e-parent\" data-id=\"64eec52\" data-element_type=\"container\" data-e-type=\"container\" data-settings=\"{&quot;background_background&quot;:&quot;classic&quot;}\">\n\t\t\t\t\t<div class=\"e-con-inner\">\n\t\t\t\t<div class=\"elementor-element elementor-element-3b9915c elementor-widget elementor-widget-gallery\" data-id=\"3b9915c\" data-element_type=\"widget\" data-e-type=\"widget\" data-settings=\"{&quot;columns&quot;:2,&quot;lazyload&quot;:&quot;yes&quot;,&quot;gallery_layout&quot;:&quot;grid&quot;,&quot;columns_tablet&quot;:2,&quot;columns_mobile&quot;:1,&quot;gap&quot;:{&quot;unit&quot;:&quot;px&quot;,&quot;size&quot;:10,&quot;sizes&quot;:[]},&quot;gap_tablet&quot;:{&quot;unit&quot;:&quot;px&quot;,&quot;size&quot;:10,&quot;sizes&quot;:[]},&quot;gap_mobile&quot;:{&quot;unit&quot;:&quot;px&quot;,&quot;size&quot;:10,&quot;sizes&quot;:[]},&quot;link_to&quot;:&quot;file&quot;,&quot;aspect_ratio&quot;:&quot;3:2&quot;,&quot;overlay_background&quot;:&quot;yes&quot;,&quot;content_hover_animation&quot;:&quot;fade-in&quot;}\" data-widget_type=\"gallery.default\">\n\t\t\t\t<div class=\"elementor-widget-container\">\n\t\t\t\t\t\t\t<div class=\"elementor-gallery__container\">\n\t\t\t\t\t\t\t<a class=\"e-gallery-item elementor-gallery-item elementor-animated-content\" href=\"https:\/\/nereazabalazabalza.com\/wp-content\/uploads\/2025\/08\/3-farmacia.jpg\" data-elementor-open-lightbox=\"yes\" data-elementor-lightbox-slideshow=\"3b9915c\" data-elementor-lightbox-title=\"3 farmacia\" data-e-action-hash=\"#elementor-action%3Aaction%3Dlightbox%26settings%3DeyJpZCI6MzgyLCJ1cmwiOiJodHRwczpcL1wvbmVyZWF6YWJhbGF6YWJhbHphLmNvbVwvd3AtY29udGVudFwvdXBsb2Fkc1wvMjAyNVwvMDhcLzMtZmFybWFjaWEuanBnIiwic2xpZGVzaG93IjoiM2I5OTE1YyJ9\">\n\t\t\t\t\t<div class=\"e-gallery-image elementor-gallery-item__image\" data-thumbnail=\"https:\/\/nereazabalazabalza.com\/wp-content\/uploads\/2025\/08\/3-farmacia.jpg\" data-width=\"1000\" data-height=\"1273\" aria-label=\"proyecto escaparatismo farmacia\" role=\"img\" ><\/div>\n\t\t\t\t\t\t\t\t\t\t\t<div class=\"elementor-gallery-item__overlay\"><\/div>\n\t\t\t\t\t\t\t\t\t\t\t\t\t\t<\/a>\n\t\t\t\t\t\t\t<a class=\"e-gallery-item elementor-gallery-item elementor-animated-content\" href=\"https:\/\/nereazabalazabalza.com\/wp-content\/uploads\/2025\/08\/farmacia-navidad-2.jpg\" data-elementor-open-lightbox=\"yes\" data-elementor-lightbox-slideshow=\"3b9915c\" data-elementor-lightbox-title=\"farmacia navidad 2\" data-e-action-hash=\"#elementor-action%3Aaction%3Dlightbox%26settings%3DeyJpZCI6MzgzLCJ1cmwiOiJodHRwczpcL1wvbmVyZWF6YWJhbGF6YWJhbHphLmNvbVwvd3AtY29udGVudFwvdXBsb2Fkc1wvMjAyNVwvMDhcL2Zhcm1hY2lhLW5hdmlkYWQtMi5qcGciLCJzbGlkZXNob3ciOiIzYjk5MTVjIn0%3D\">\n\t\t\t\t\t<div class=\"e-gallery-image elementor-gallery-item__image\" data-thumbnail=\"https:\/\/nereazabalazabalza.com\/wp-content\/uploads\/2025\/08\/farmacia-navidad-2.jpg\" data-width=\"720\" data-height=\"892\" aria-label=\"proyecto escaparatismo farmacia\" role=\"img\" ><\/div>\n\t\t\t\t\t\t\t\t\t\t\t<div class=\"elementor-gallery-item__overlay\"><\/div>\n\t\t\t\t\t\t\t\t\t\t\t\t\t\t<\/a>\n\t\t\t\t\t<\/div>\n\t\t\t\t\t<\/div>\n\t\t\t\t<\/div>\n\t\t\t\t\t<\/div>\n\t\t\t\t<\/div>\n\t\t\t\t<\/div>","protected":false},"excerpt":{"rendered":"<p>Escaparatismo en Farmacia Soli\u00f1a En este proyecto, desarrollamos dos intervenciones art\u00edsticas pensadas para sorprender, emocionar y transformar la experiencia del cliente al entrar a la farmacia, aportando un toque visual \u00fanico y lleno de personalidad. La primera intervenci\u00f3n realizada en campa\u00f1a navide\u00f1a consisti\u00f3 en un arco decorativo elaborado con ramas de pino natural, al que [&hellip;]<\/p>\n","protected":false},"author":1,"featured_media":0,"parent":0,"menu_order":0,"comment_status":"closed","ping_status":"closed","template":"","meta":{"footnotes":""},"class_list":["post-296","page","type-page","status-publish","hentry"],"_links":{"self":[{"href":"https:\/\/nereazabalazabalza.com\/eu\/wp-json\/wp\/v2\/pages\/296","targetHints":{"allow":["GET"]}}],"collection":[{"href":"https:\/\/nereazabalazabalza.com\/eu\/wp-json\/wp\/v2\/pages"}],"about":[{"href":"https:\/\/nereazabalazabalza.com\/eu\/wp-json\/wp\/v2\/types\/page"}],"author":[{"embeddable":true,"href":"https:\/\/nereazabalazabalza.com\/eu\/wp-json\/wp\/v2\/users\/1"}],"replies":[{"embeddable":true,"href":"https:\/\/nereazabalazabalza.com\/eu\/wp-json\/wp\/v2\/comments?post=296"}],"version-history":[{"count":4,"href":"https:\/\/nereazabalazabalza.com\/eu\/wp-json\/wp\/v2\/pages\/296\/revisions"}],"predecessor-version":[{"id":389,"href":"https:\/\/nereazabalazabalza.com\/eu\/wp-json\/wp\/v2\/pages\/296\/revisions\/389"}],"wp:attachment":[{"href":"https:\/\/nereazabalazabalza.com\/eu\/wp-json\/wp\/v2\/media?parent=296"}],"curies":[{"name":"wp","href":"https:\/\/api.w.org\/{rel}","templated":true}]}}